{"id":1403,"date":"2025-10-08T15:04:30","date_gmt":"2025-10-08T15:04:30","guid":{"rendered":"https:\/\/studiolrth.com\/?page_id=1403"},"modified":"2026-04-16T08:49:42","modified_gmt":"2026-04-16T08:49:42","slug":"2xpo","status":"publish","type":"page","link":"https:\/\/studiolrth.com\/en\/2xpo\/","title":{"rendered":"2XpO"},"content":{"rendered":"<section class=\"wp-block-group alignfull has-global-padding is-content-justification-left is-layout-constrained wp-container-core-group-is-layout-fc05645d wp-block-group-is-layout-constrained\" style=\"margin-top:0px;padding-top:6rem;padding-right:1rem;padding-bottom:4.5rem;padding-left:1rem;font-size:clamp(0.875rem, 0.875rem + ((1vw - 0.2rem) * 0.464), 1.13rem);font-style:normal;font-weight:400;line-height:1.4\">\n<div class=\"wp-block-group alignfull has-global-padding is-layout-constrained wp-block-group-is-layout-constrained\">\n<p class=\"has-text-align-center has-text-color has-link-color has-large-font-size wp-elements-c292f91199898d3c4b0bd6ddfc836123\" style=\"color:#ffffff\"><em>Exploration du double, <\/em><\/p>\n\n\n\n<p class=\"has-text-align-center has-text-color has-link-color has-large-font-size wp-elements-06294af4d1a4c95ab1e3fcbd602236b1\" style=\"color:#ffffff\"><em>du temps <\/em><\/p>\n\n\n\n<p class=\"has-text-align-center has-text-color has-link-color has-large-font-size wp-elements-73cfe1f553ed83ef82c15ab824ea67a7\" style=\"color:#ffffff\"><em>et de la trace.<\/em><\/p>\n\n\n\n<p class=\"has-text-align-center has-text-color has-link-color has-large-font-size wp-elements-903535e7055f77877a39401573f0e88b\" style=\"color:#ffffff\"><em>Chaque image na\u00eet sur place, <\/em><\/p>\n\n\n\n<p class=\"has-text-align-center has-text-color has-link-color has-large-font-size wp-elements-7b94803e6970027e4f89ba2b688b6cd1\" style=\"color:#ffffff\"><em>\u00e0 la lumi\u00e8re du moment, <\/em><\/p>\n\n\n\n<p class=\"has-text-align-center has-text-color has-link-color has-large-font-size wp-elements-c5d3e6a890b2800a3053c6c8fc071662\" style=\"color:#ffffff\"><em>dans le souffle d\u2019un r\u00e9el.<\/em><\/p>\n\n\n\n<div style=\"height:100px\" aria-hidden=\"true\" class=\"wp-block-spacer\"><\/div>\n\n\n\n<figure class=\"wp-block-image aligncenter size-large\"><img loading=\"lazy\" decoding=\"async\" width=\"1024\" height=\"1024\" src=\"https:\/\/studiolrth.com\/wp-content\/uploads\/2025\/10\/BrouweriJ-1-2-1024x1024.jpg\" alt=\"\" class=\"wp-image-1413\" srcset=\"https:\/\/studiolrth.com\/wp-content\/uploads\/2025\/10\/BrouweriJ-1-2-1024x1024.jpg 1024w, https:\/\/studiolrth.com\/wp-content\/uploads\/2025\/10\/BrouweriJ-1-2-300x300.jpg 300w, https:\/\/studiolrth.com\/wp-content\/uploads\/2025\/10\/BrouweriJ-1-2-150x150.jpg 150w, https:\/\/studiolrth.com\/wp-content\/uploads\/2025\/10\/BrouweriJ-1-2-768x768.jpg 768w, https:\/\/studiolrth.com\/wp-content\/uploads\/2025\/10\/BrouweriJ-1-2-1536x1536.jpg 1536w, https:\/\/studiolrth.com\/wp-content\/uploads\/2025\/10\/BrouweriJ-1-2.jpg 1981w\" sizes=\"auto, (max-width: 1024px) 100vw, 1024px\" \/><\/figure>\n\n\n\n<p class=\"has-text-align-center has-text-color has-link-color has-large-font-size wp-elements-53d1b178bd1ea135be466e95ecbc176f\" style=\"color:#ffffff\"><em>La premi\u00e8re<\/em><\/p>\n\n\n\n<p class=\"has-text-align-center has-text-color has-link-color has-large-font-size wp-elements-a49053a01d770e4f666ccfb658f1369d\" style=\"color:#ffffff\"><em>s\u2019enracine dans un garage<\/em>.<\/p>\n\n\n\n<p class=\"has-text-align-center has-text-color has-link-color has-large-font-size wp-elements-f2e557b7ea2a2f3e1a463330c43abcda\" style=\"color:#ffffff\"><em>Fragment de m\u00e9moire.<\/em><\/p>\n\n\n\n<div style=\"height:100px\" aria-hidden=\"true\" class=\"wp-block-spacer\"><\/div>\n\n\n\n<figure class=\"wp-block-image aligncenter size-large has-custom-border\"><img loading=\"lazy\" decoding=\"async\" width=\"1024\" height=\"1024\" src=\"https:\/\/studiolrth.com\/wp-content\/uploads\/2025\/10\/Rue-HautE-1-1-1024x1024.jpg\" alt=\"\" class=\"wp-image-1409\" style=\"border-style:none;border-width:0px\" srcset=\"https:\/\/studiolrth.com\/wp-content\/uploads\/2025\/10\/Rue-HautE-1-1-1024x1024.jpg 1024w, https:\/\/studiolrth.com\/wp-content\/uploads\/2025\/10\/Rue-HautE-1-1-300x300.jpg 300w, https:\/\/studiolrth.com\/wp-content\/uploads\/2025\/10\/Rue-HautE-1-1-150x150.jpg 150w, https:\/\/studiolrth.com\/wp-content\/uploads\/2025\/10\/Rue-HautE-1-1-768x768.jpg 768w, https:\/\/studiolrth.com\/wp-content\/uploads\/2025\/10\/Rue-HautE-1-1-1536x1536.jpg 1536w, https:\/\/studiolrth.com\/wp-content\/uploads\/2025\/10\/Rue-HautE-1-1.jpg 1981w\" sizes=\"auto, (max-width: 1024px) 100vw, 1024px\" \/><\/figure>\n\n\n\n<p class=\"has-text-align-center has-text-color has-link-color has-large-font-size wp-elements-5a996e8fae936ecdf3b765461e3b7cd0\" style=\"color:#ffffff\"><em>La seconde  <\/em><\/p>\n\n\n\n<p class=\"has-text-align-center has-text-color has-link-color has-large-font-size wp-elements-e91b025a5c0ef4c298207c2208c25543\" style=\"color:#ffffff\"><em>d\u00e9tour \u00e0 la rue Haute \u00e0 Bruxelles. <\/em><\/p>\n\n\n\n<p class=\"has-text-align-center has-text-color has-link-color has-large-font-size wp-elements-a3c3675bf9d9c85526d4692eb229d05b\" style=\"color:#ffffff\"><em>Ville complice, <\/em><\/p>\n\n\n\n<p class=\"has-text-align-center has-text-color has-link-color has-large-font-size wp-elements-6dca1b7399ca50c6a63f2a6c277eac61\" style=\"color:#ffffff\"><em>vibrante, <\/em><\/p>\n\n\n\n<p class=\"has-text-align-center has-text-color has-link-color has-large-font-size wp-elements-5c040fcaa3ceabcca10075b94a9e1d6c\" style=\"color:#ffffff\"><em>o\u00f9 nous aimons laisser le temps glisser. <\/em><\/p>\n\n\n\n<p class=\"has-text-align-center has-text-color has-link-color has-large-font-size wp-elements-4510e485a96e8f07a7e956c0a2749db4\" style=\"color:#ffffff\"><em>R\u00e9sonance, <\/em><\/p>\n\n\n\n<p class=\"has-text-align-center has-text-color has-link-color has-large-font-size wp-elements-9515464c4cee933822d449a4f63a8b05\" style=\"color:#ffffff\"><em>pulsation discr\u00e8te des pierres <\/em><\/p>\n\n\n\n<p class=\"has-text-align-center has-text-color has-link-color has-large-font-size wp-elements-e5ba4262cce1314abe083cdef8786d62\" style=\"color:#ffffff\"><em>et des passants.<\/em><\/p>\n\n\n\n<div style=\"height:100px\" aria-hidden=\"true\" class=\"wp-block-spacer\"><\/div>\n\n\n\n<figure class=\"wp-block-image aligncenter size-large\"><img loading=\"lazy\" decoding=\"async\" width=\"1024\" height=\"1024\" src=\"https:\/\/studiolrth.com\/wp-content\/uploads\/2025\/10\/MedusA--1024x1024.jpg\" alt=\"\" class=\"wp-image-1405\" srcset=\"https:\/\/studiolrth.com\/wp-content\/uploads\/2025\/10\/MedusA--1024x1024.jpg 1024w, https:\/\/studiolrth.com\/wp-content\/uploads\/2025\/10\/MedusA--300x300.jpg 300w, https:\/\/studiolrth.com\/wp-content\/uploads\/2025\/10\/MedusA--150x150.jpg 150w, https:\/\/studiolrth.com\/wp-content\/uploads\/2025\/10\/MedusA--768x768.jpg 768w, https:\/\/studiolrth.com\/wp-content\/uploads\/2025\/10\/MedusA--1536x1536.jpg 1536w, https:\/\/studiolrth.com\/wp-content\/uploads\/2025\/10\/MedusA--2048x2048.jpg 2048w\" sizes=\"auto, (max-width: 1024px) 100vw, 1024px\" \/><\/figure>\n\n\n\n<p><\/p>\n\n\n\n<p class=\"has-text-align-center has-text-color has-link-color has-large-font-size wp-elements-eaa3c3196f20842de5457eb9f211ac60\" style=\"color:#fefefe\"><em>The third rises in Milan, <\/em><\/p>\n\n\n\n<p class=\"has-text-align-center has-text-color has-link-color has-large-font-size wp-elements-4bd23a8e673c100a361531b820f8f210\" style=\"color:#fefefe\"><em><em>restauration<\/em><\/em> d&rsquo;une <em>porte de cath\u00e9drale, <\/em><\/p>\n\n\n\n<p class=\"has-text-align-center has-text-color has-link-color has-large-font-size wp-elements-e30d3bdab32c1a5da6a1816117919bfd\" style=\"color:#fefefe\"><em>in the midst of Sunday mass. <\/em><\/p>\n\n\n\n<p class=\"has-text-align-center has-text-color has-link-color has-large-font-size wp-elements-c6df44a9038d08bef236da24df781804\" style=\"color:#fefefe\"><em>Entre le sacr\u00e9 et le chantier, <\/em><\/p>\n\n\n\n<p class=\"has-text-align-center has-text-color has-link-color has-large-font-size wp-elements-8b0c0935bed865577caa127a78bf1244\" style=\"color:#fefefe\"><em>le visible et l\u2019attente.<\/em><\/p>\n\n\n\n<div style=\"height:100px\" aria-hidden=\"true\" class=\"wp-block-spacer\"><\/div>\n<\/div>\n\n\n\n<figure class=\"wp-block-image aligncenter size-large\"><img loading=\"lazy\" decoding=\"async\" width=\"1024\" height=\"1024\" src=\"https:\/\/studiolrth.com\/wp-content\/uploads\/2025\/10\/De-theehuisE--1024x1024.jpg\" alt=\"\" class=\"wp-image-1407\" srcset=\"https:\/\/studiolrth.com\/wp-content\/uploads\/2025\/10\/De-theehuisE--1024x1024.jpg 1024w, https:\/\/studiolrth.com\/wp-content\/uploads\/2025\/10\/De-theehuisE--300x300.jpg 300w, https:\/\/studiolrth.com\/wp-content\/uploads\/2025\/10\/De-theehuisE--150x150.jpg 150w, https:\/\/studiolrth.com\/wp-content\/uploads\/2025\/10\/De-theehuisE--768x768.jpg 768w, https:\/\/studiolrth.com\/wp-content\/uploads\/2025\/10\/De-theehuisE--1536x1536.jpg 1536w, https:\/\/studiolrth.com\/wp-content\/uploads\/2025\/10\/De-theehuisE-.jpg 1981w\" sizes=\"auto, (max-width: 1024px) 100vw, 1024px\" \/><\/figure>\n\n\n\n<div class=\"wp-block-group alignfull has-global-padding is-layout-constrained wp-block-group-is-layout-constrained\">\n<p class=\"has-text-align-center has-text-color has-link-color has-large-font-size wp-elements-64271a2d03b982255c6892b3562c6880\" style=\"color:#ffffff\"><em>La quatri\u00e8me s\u2019abandonne dans un bois, <\/em><\/p>\n\n\n\n<p class=\"has-text-align-center has-text-color has-link-color has-large-font-size wp-elements-76d3672e99dd7acc205f04b21e57ff9a\" style=\"color:#ffffff\"><em>on the ruins of an old tea palace. <\/em><\/p>\n\n\n\n<p class=\"has-text-align-center has-text-color has-link-color has-large-font-size wp-elements-193073f021c25703eb752aa2f2c2b486\" style=\"color:#ffffff\"><em>Architecture oubli\u00e9e, fa\u00e7onn\u00e9e \u00e0 la main,<\/em><\/p>\n\n\n\n<p class=\"has-text-align-center has-text-color has-link-color has-large-font-size wp-elements-52a1bb2088769f445d844cadb6b6d669\" style=\"color:#ffffff\"><em> offerte \u00e0 la lenteur du vivant.<\/em><\/p>\n\n\n\n<p class=\"has-text-align-center has-text-color has-link-color has-large-font-size wp-elements-2186cb995336148858f99c08634fc503\" style=\"color:#ffffff\"><em>Rencontre entre <\/em><\/p>\n\n\n\n<p class=\"has-text-align-center has-text-color has-link-color has-large-font-size wp-elements-8cac63c1f12c9320335452c2a8a1de74\" style=\"color:#ffffff\"><em>mati\u00e8re et le silence.<\/em><\/p>\n\n\n\n<div style=\"height:100px\" aria-hidden=\"true\" class=\"wp-block-spacer\"><\/div>\n<\/div>\n\n\n\n<div class=\"wp-block-group alignfull has-global-padding is-layout-constrained wp-block-group-is-layout-constrained\">\n<p class=\"has-text-align-center has-text-color has-link-color has-large-font-size wp-elements-09f607e143162f3a1e939fd5fe1a2708\" style=\"color:#ffffff\"><em>Les trois derni\u00e8res pi\u00e8ces <\/em><\/p>\n\n\n\n<p class=\"has-text-align-center has-text-color has-link-color has-large-font-size wp-elements-e31384744a8858eaa9943fb4e1782af3\" style=\"color:#ffffff\"><em>prolongent la recherche : <\/em><\/p>\n\n\n\n<p class=\"has-text-align-center has-text-color has-link-color has-large-font-size wp-elements-533ee018a5a7c64bc1af445ac93b0fbb\" style=\"color:#ffffff\"><em>figures qui s\u2019effleurent, <\/em><\/p>\n\n\n\n<p class=\"has-text-align-center has-text-color has-link-color has-large-font-size wp-elements-a8a3e9fcfa244e0bab9b6f3877af0718\" style=\"color:#ffffff\"><em>s\u2019incrustent dans leur d\u00e9cor, <\/em><\/p>\n\n\n\n<p class=\"has-text-align-center has-text-color has-link-color has-large-font-size wp-elements-17ea650e903c2bc3c5c8d14983dda113\" style=\"color:#ffffff\"><em>Pr\u00e9sence, <\/em><\/p>\n\n\n\n<p class=\"has-text-align-center has-text-color has-link-color has-large-font-size wp-elements-966fd921d5966b44b898188e45a94efc\" style=\"color:#ffffff\"><em>Effacement.<\/em><\/p>\n\n\n\n<div style=\"height:100px\" aria-hidden=\"true\" class=\"wp-block-spacer\"><\/div>\n\n\n\n<figure class=\"wp-block-image aligncenter size-large\"><img loading=\"lazy\" decoding=\"async\" width=\"1024\" height=\"1024\" src=\"https:\/\/studiolrth.com\/wp-content\/uploads\/2025\/10\/IMG_0040-1-1024x1024.jpg\" alt=\"\" class=\"wp-image-1411\" srcset=\"https:\/\/studiolrth.com\/wp-content\/uploads\/2025\/10\/IMG_0040-1-1024x1024.jpg 1024w, https:\/\/studiolrth.com\/wp-content\/uploads\/2025\/10\/IMG_0040-1-300x300.jpg 300w, https:\/\/studiolrth.com\/wp-content\/uploads\/2025\/10\/IMG_0040-1-150x150.jpg 150w, https:\/\/studiolrth.com\/wp-content\/uploads\/2025\/10\/IMG_0040-1-768x768.jpg 768w, https:\/\/studiolrth.com\/wp-content\/uploads\/2025\/10\/IMG_0040-1-1536x1536.jpg 1536w, https:\/\/studiolrth.com\/wp-content\/uploads\/2025\/10\/IMG_0040-1.jpg 1981w\" sizes=\"auto, (max-width: 1024px) 100vw, 1024px\" \/><\/figure>\n\n\n\n<p><\/p>\n\n\n\n<figure class=\"wp-block-image aligncenter size-large\"><img loading=\"lazy\" decoding=\"async\" width=\"1024\" height=\"1024\" src=\"https:\/\/studiolrth.com\/wp-content\/uploads\/2025\/10\/IMG_0044-1024x1024.jpg\" alt=\"\" class=\"wp-image-1412\" srcset=\"https:\/\/studiolrth.com\/wp-content\/uploads\/2025\/10\/IMG_0044-1024x1024.jpg 1024w, https:\/\/studiolrth.com\/wp-content\/uploads\/2025\/10\/IMG_0044-300x300.jpg 300w, https:\/\/studiolrth.com\/wp-content\/uploads\/2025\/10\/IMG_0044-150x150.jpg 150w, https:\/\/studiolrth.com\/wp-content\/uploads\/2025\/10\/IMG_0044-768x768.jpg 768w, https:\/\/studiolrth.com\/wp-content\/uploads\/2025\/10\/IMG_0044-1536x1536.jpg 1536w, https:\/\/studiolrth.com\/wp-content\/uploads\/2025\/10\/IMG_0044.jpg 1981w\" sizes=\"auto, (max-width: 1024px) 100vw, 1024px\" \/><\/figure>\n\n\n\n<div style=\"height:100px\" aria-hidden=\"true\" class=\"wp-block-spacer\"><\/div>\n\n\n\n<figure class=\"wp-block-image aligncenter size-large\"><img loading=\"lazy\" decoding=\"async\" width=\"1024\" height=\"1024\" src=\"https:\/\/studiolrth.com\/wp-content\/uploads\/2025\/10\/CreatioN-1024x1024.jpeg\" alt=\"\" class=\"wp-image-1423\" srcset=\"https:\/\/studiolrth.com\/wp-content\/uploads\/2025\/10\/CreatioN-1024x1024.jpeg 1024w, https:\/\/studiolrth.com\/wp-content\/uploads\/2025\/10\/CreatioN-300x300.jpeg 300w, https:\/\/studiolrth.com\/wp-content\/uploads\/2025\/10\/CreatioN-150x150.jpeg 150w, https:\/\/studiolrth.com\/wp-content\/uploads\/2025\/10\/CreatioN-768x768.jpeg 768w, https:\/\/studiolrth.com\/wp-content\/uploads\/2025\/10\/CreatioN-1536x1536.jpeg 1536w, https:\/\/studiolrth.com\/wp-content\/uploads\/2025\/10\/CreatioN.jpeg 2000w\" sizes=\"auto, (max-width: 1024px) 100vw, 1024px\" \/><\/figure>\n<\/div>\n\n\n\n<style>\n#backToTop {\n  position: fixed;\n  bottom: 30px;\n  right: 30px;\n  width: 44px;\n  height: 44px;\n  border: 1px solid rgba(255,255,255,0.35);\n  border-radius: 50%;\n  background: rgba(255,255,255,0.05);\n  color: white;\n  font-size: 18px;\n  cursor: pointer;\n  opacity: 0;\n  pointer-events: none;\n  transition: all 0.4s ease;\n  backdrop-filter: blur(6px);\n  z-index: 9999;\n}\n\n\/* visible apr\u00e8s scroll *\/\n#backToTop.visible {\n  opacity: 1;\n  pointer-events: auto;\n}\n\n\/* hover subtil *\/\n#backToTop:hover {\n  background: rgba(255,255,255,0.15);\n  transform: scale(1.05);\n}\n<\/style>\n\n<button id=\"backToTop\">\u2191<\/button>\n\n<script>\nconst btn = document.getElementById(\"backToTop\");\n\n\/\/ apparition apr\u00e8s scroll\nwindow.addEventListener(\"scroll\", () => {\n  if (window.scrollY > 300) {\n    btn.classList.add(\"visible\");\n  } else {\n    btn.classList.remove(\"visible\");\n  }\n});\n\n\/\/ retour en haut fluide\nbtn.addEventListener(\"click\", () => {\n  window.scrollTo({\n    top: 0,\n    behavior: \"smooth\"\n  });\n});\n<\/script>\n<\/section>","protected":false},"excerpt":{"rendered":"<p>Exploration du double, du temps et de la trace. Chaque image na\u00eet sur place, \u00e0 la lumi\u00e8re du moment, dans le souffle d\u2019un r\u00e9el. La premi\u00e8re s\u2019enracine dans un garage. Fragment de m\u00e9moire. La seconde d\u00e9tour \u00e0 la rue Haute \u00e0 Bruxelles. Ville complice, vibrante, o\u00f9 nous aimons laisser le temps glisser. R\u00e9sonance, pulsation discr\u00e8te [&hellip;]<\/p>","protected":false},"author":1,"featured_media":0,"parent":0,"menu_order":0,"comment_status":"closed","ping_status":"closed","template":"","meta":{"om_disable_all_campaigns":false,"footnotes":""},"class_list":["post-1403","page","type-page","status-publish","hentry"],"aioseo_notices":[],"_links":{"self":[{"href":"https:\/\/studiolrth.com\/en\/wp-json\/wp\/v2\/pages\/1403","targetHints":{"allow":["GET"]}}],"collection":[{"href":"https:\/\/studiolrth.com\/en\/wp-json\/wp\/v2\/pages"}],"about":[{"href":"https:\/\/studiolrth.com\/en\/wp-json\/wp\/v2\/types\/page"}],"author":[{"embeddable":true,"href":"https:\/\/studiolrth.com\/en\/wp-json\/wp\/v2\/users\/1"}],"replies":[{"embeddable":true,"href":"https:\/\/studiolrth.com\/en\/wp-json\/wp\/v2\/comments?post=1403"}],"version-history":[{"count":23,"href":"https:\/\/studiolrth.com\/en\/wp-json\/wp\/v2\/pages\/1403\/revisions"}],"predecessor-version":[{"id":2469,"href":"https:\/\/studiolrth.com\/en\/wp-json\/wp\/v2\/pages\/1403\/revisions\/2469"}],"wp:attachment":[{"href":"https:\/\/studiolrth.com\/en\/wp-json\/wp\/v2\/media?parent=1403"}],"curies":[{"name":"wp","href":"https:\/\/api.w.org\/{rel}","templated":true}]}}