{"id":16,"date":"2025-01-09T11:06:32","date_gmt":"2025-01-09T11:06:32","guid":{"rendered":"https:\/\/studiolrth.com\/?page_id=16"},"modified":"2026-04-13T09:01:26","modified_gmt":"2026-04-13T09:01:26","slug":"entrer-en-acquisition","status":"publish","type":"page","link":"https:\/\/studiolrth.com\/en\/entrer-en-acquisition\/","title":{"rendered":"info@studiolrth.com"},"content":{"rendered":"<div class=\"wp-block-group alignwide has-text-color has-link-color wp-elements-b8dd6547b3fdb10f6c163c9a862b5ec8 has-global-padding is-layout-constrained wp-container-core-group-is-layout-81fb2944 wp-block-group-is-layout-constrained\" style=\"color:#ffffff;margin-top:0px;margin-bottom:0px;padding-top:80px;padding-bottom:80px\">\n<div class=\"wp-block-columns alignwide has-text-color has-link-color wp-elements-139e583676f2155a46be228a1ad847f9 is-layout-flex wp-container-core-columns-is-layout-9cf8123d wp-block-columns-is-layout-flex\" style=\"color:#ffffff\">\n<div class=\"wp-block-column is-vertically-aligned-top is-layout-flow wp-container-core-column-is-layout-8a368f38 wp-block-column-is-layout-flow\">\n<p class=\"has-text-color has-link-color has-medium-font-size wp-elements-2679411f32c84fbf5f2dbe289e7c0ad5\" style=\"color:#ffffff\">Vous serez contact\u00e9 personnellement.<\/p>\n\n\n\n<p class=\"has-text-color has-link-color wp-elements-48a24eaadf176662868e34529733c482\" style=\"color:#ffffff\">Chaque oeuvre est pr\u00e9par\u00e9e en cons\u00e9quence.<\/p>\n\n\n<style id=\"wpforms-css-vars-88-block-f94851fb-1be1-445d-9470-fffd11aea3e4\">\n\t\t\t\t#wpforms-88.wpforms-block-f94851fb-1be1-445d-9470-fffd11aea3e4 {\n\t\t\t\t--wpforms-label-color: #fffdfd;\n--wpforms-label-sublabel-color: #ffffff;\n--wpforms-label-error-color: #ff0000;\n--wpforms-page-break-color: #dddddd;\n--wpforms-field-border-radius: 0px;\n--wpforms-field-border-color: #ffffff;\n--wpforms-field-border-color-spare: #ffffff;\n--wpforms-field-text-color: #ffffff;\n--wpforms-button-border-style: solid;\n--wpforms-button-border-radius: 0px;\n--wpforms-button-background-color: #999999;\n--wpforms-button-border-color: #cccccc;\n--wpforms-label-size-font-size: 14px;\n--wpforms-label-size-line-height: 17px;\n--wpforms-label-size-sublabel-font-size: 13px;\n--wpforms-label-size-sublabel-line-height: 16px;\n--wpforms-button-size-font-size: 20px;\n--wpforms-button-size-height: 48px;\n--wpforms-button-size-padding-h: 20px;\n--wpforms-button-size-margin-top: 15px;\n\t\t\t}\n\t\t\t<\/style><div class=\"wpforms-container wpforms-container-full wpforms-block wpforms-block-f94851fb-1be1-445d-9470-fffd11aea3e4 wpforms-render-modern\" id=\"wpforms-88\"><form id=\"wpforms-form-88\" class=\"wpforms-validate wpforms-form wpforms-ajax-form\" data-formid=\"88\" method=\"post\" enctype=\"multipart\/form-data\" action=\"\/en\/wp-json\/wp\/v2\/pages\/16\" data-token=\"c8669673394799e7c1e424334a9076a8\" data-token-time=\"1776359515\" data-trp-original-action=\"\/en\/wp-json\/wp\/v2\/pages\/16\"><noscript class=\"wpforms-error-noscript\">Please enable JavaScript in your browser to complete this form.<\/noscript><div id=\"wpforms-error-noscript\" style=\"display: none;\">Please enable JavaScript in your browser to complete this form.<\/div><div class=\"wpforms-field-container\"><div id=\"wpforms-88-field_1-container\" class=\"wpforms-field wpforms-field-name\" data-field-id=\"1\"><fieldset><legend class=\"wpforms-field-label\">Nom <span class=\"wpforms-required-label\" aria-hidden=\"true\">*<\/span><\/legend><div class=\"wpforms-field-row wpforms-field-large\"><div class=\"wpforms-field-row-block wpforms-first wpforms-one-half\"><input type=\"text\" id=\"wpforms-88-field_1\" class=\"wpforms-field-name-first wpforms-field-required\" name=\"wpforms[fields][1][first]\" aria-errormessage=\"wpforms-88-field_1-error\" required><label for=\"wpforms-88-field_1\" class=\"wpforms-field-sublabel after\">First<\/label><\/div><div class=\"wpforms-field-row-block wpforms-one-half\"><input type=\"text\" id=\"wpforms-88-field_1-last\" class=\"wpforms-field-name-last wpforms-field-required\" name=\"wpforms[fields][1][last]\" aria-errormessage=\"wpforms-88-field_1-last-error\" required><label for=\"wpforms-88-field_1-last\" class=\"wpforms-field-sublabel after\">Last<\/label><\/div><\/div><\/fieldset><\/div><div id=\"wpforms-88-field_2-container\" class=\"wpforms-field wpforms-field-email\" data-field-id=\"2\"><label class=\"wpforms-field-label\" for=\"wpforms-88-field_2\">E-mail <span class=\"wpforms-required-label\" aria-hidden=\"true\">*<\/span><\/label><input type=\"email\" id=\"wpforms-88-field_2\" class=\"wpforms-field-medium wpforms-field-required\" name=\"wpforms[fields][2]\" spellcheck=\"false\" aria-errormessage=\"wpforms-88-field_2-error\" required><\/div>\t\t<div id=\"wpforms-88-field_4-container\"\n\t\t\tclass=\"wpforms-field wpforms-field-text\"\n\t\t\tdata-field-type=\"text\"\n\t\t\tdata-field-id=\"4\"\n\t\t\t>\n\t\t\t<label class=\"wpforms-field-label\" for=\"wpforms-88-field_4\" >E-mail Message Nom<\/label>\n\t\t\t<input type=\"text\" id=\"wpforms-88-field_4\" class=\"wpforms-field-medium\" name=\"wpforms[fields][4]\" >\n\t\t<\/div>\n\t\t<div id=\"wpforms-88-field_3-container\" class=\"wpforms-field wpforms-field-textarea\" data-field-id=\"3\"><label class=\"wpforms-field-label\" for=\"wpforms-88-field_3\">Message<\/label><textarea id=\"wpforms-88-field_3\" class=\"wpforms-field-medium\" name=\"wpforms[fields][3]\" aria-errormessage=\"wpforms-88-field_3-error\" ><\/textarea><\/div><script>\n\t\t\t\t( function() {\n\t\t\t\t\tconst style = document.createElement( 'style' );\n\t\t\t\t\tstyle.appendChild( document.createTextNode( '#wpforms-88-field_4-container { position: absolute !important; overflow: hidden !important; display: inline !important; height: 1px !important; width: 1px !important; z-index: -1000 !important; padding: 0 !important; } #wpforms-88-field_4-container input { visibility: hidden; } #wpforms-conversational-form-page #wpforms-88-field_4-container label { counter-increment: none; }' ) );\n\t\t\t\t\tdocument.head.appendChild( style );\n\t\t\t\t\tdocument.currentScript?.remove();\n\t\t\t\t} )();\n\t\t\t<\/script><\/div><!-- .wpforms-field-container --><div class=\"wpforms-submit-container\" ><input type=\"hidden\" name=\"wpforms[id]\" value=\"88\"><input type=\"hidden\" name=\"page_title\" value=\"\"><input type=\"hidden\" name=\"page_url\" value=\"https:\/\/studiolrth.com\/en\/wp-json\/wp\/v2\/pages\/16\"><input type=\"hidden\" name=\"url_referer\" value=\"\"><button type=\"submit\" name=\"wpforms[submit]\" id=\"wpforms-submit-88\" class=\"wpforms-submit\" data-alt-text=\"Envoi en cours\" data-submit-text=\"Entrer en contact\" aria-live=\"assertive\" value=\"wpforms-submit\">Entrer en contact<\/button><img loading=\"lazy\" decoding=\"async\" src=\"https:\/\/studiolrth.com\/wp-content\/plugins\/wpforms-lite\/assets\/images\/submit-spin.svg\" class=\"wpforms-submit-spinner\" style=\"display: none;\" width=\"26\" height=\"26\" alt=\"Loading\"><\/div><input type=\"hidden\" name=\"trp-form-language\" value=\"en\"\/><\/form><\/div>  <!-- .wpforms-container --><\/div>\n\n\n\n<div class=\"wp-block-column is-vertically-aligned-top is-layout-flow wp-block-column-is-layout-flow\">\n<div class=\"wp-block-columns is-layout-flex wp-container-core-columns-is-layout-eb8c634e wp-block-columns-is-layout-flex\">\n<div class=\"wp-block-column is-vertically-aligned-center is-layout-flow wp-block-column-is-layout-flow\" style=\"flex-basis:5%\"><\/div>\n\n\n\n<div class=\"wp-block-column is-vertically-aligned-center is-layout-flow wp-block-column-is-layout-flow\" style=\"flex-basis:30%\"><\/div>\n\n\n\n<div class=\"wp-block-column is-vertically-aligned-center is-layout-flow wp-block-column-is-layout-flow\" style=\"flex-basis:5%\"><\/div>\n\n\n\n<div class=\"wp-block-column is-vertically-aligned-center is-layout-flow wp-block-column-is-layout-flow\" style=\"flex-basis:43%\"><\/div>\n<\/div>\n<\/div>\n<\/div>\n<\/div>","protected":false},"excerpt":{"rendered":"<p>Vous serez contact\u00e9 personnellement. Chaque oeuvre est pr\u00e9par\u00e9e en cons\u00e9quence.<\/p>","protected":false},"author":1,"featured_media":0,"parent":0,"menu_order":0,"comment_status":"closed","ping_status":"closed","template":"","meta":{"om_disable_all_campaigns":false,"footnotes":""},"class_list":["post-16","page","type-page","status-publish","hentry"],"aioseo_notices":[],"_links":{"self":[{"href":"https:\/\/studiolrth.com\/en\/wp-json\/wp\/v2\/pages\/16","targetHints":{"allow":["GET"]}}],"collection":[{"href":"https:\/\/studiolrth.com\/en\/wp-json\/wp\/v2\/pages"}],"about":[{"href":"https:\/\/studiolrth.com\/en\/wp-json\/wp\/v2\/types\/page"}],"author":[{"embeddable":true,"href":"https:\/\/studiolrth.com\/en\/wp-json\/wp\/v2\/users\/1"}],"replies":[{"embeddable":true,"href":"https:\/\/studiolrth.com\/en\/wp-json\/wp\/v2\/comments?post=16"}],"version-history":[{"count":27,"href":"https:\/\/studiolrth.com\/en\/wp-json\/wp\/v2\/pages\/16\/revisions"}],"predecessor-version":[{"id":2291,"href":"https:\/\/studiolrth.com\/en\/wp-json\/wp\/v2\/pages\/16\/revisions\/2291"}],"wp:attachment":[{"href":"https:\/\/studiolrth.com\/en\/wp-json\/wp\/v2\/media?parent=16"}],"curies":[{"name":"wp","href":"https:\/\/api.w.org\/{rel}","templated":true}]}}