{"id":1839,"date":"2025-11-03T14:32:32","date_gmt":"2025-11-03T14:32:32","guid":{"rendered":"https:\/\/studiolrth.com\/?page_id=1839"},"modified":"2025-11-03T15:05:01","modified_gmt":"2025-11-03T15:05:01","slug":"mentions-legales","status":"publish","type":"page","link":"https:\/\/studiolrth.com\/en\/mentions-legales\/","title":{"rendered":"Mentions L\u00e9gales"},"content":{"rendered":"<h2 class=\"wp-block-heading has-text-align-center has-text-color has-link-color wp-elements-908083fa5bdf7e7718c7c06adf6b58e6\" style=\"color:#ffffff\"><strong>Mentions l\u00e9gales \u2013  Studio LrtH<\/strong><\/h2>\n\n\n\n<p class=\"has-text-color has-link-color wp-elements-0519103f215fda6e938da6f3338f6257\" style=\"color:#ffffff\"><strong>\u00c9diteur du site<\/strong><br>Le pr\u00e9sent site est \u00e9dit\u00e9 \u00e0 titre personnel dans le cadre d\u2019un projet artistique sous le nom\u00a0<strong>Studio LRth<\/strong>.<br>Contact : info@studiolrth.com<br>Le responsable de publication et de cr\u00e9ation des contenus est\u00a0<strong>Laurent Germonpr\u00e9<\/strong>.<\/p>\n\n\n\n<p class=\"has-text-color has-link-color wp-elements-4756df020ee8a2e89b695858894e0e7b\" style=\"color:#ffffff\"><strong>H\u00e9bergement<\/strong><br>Ce site est h\u00e9berg\u00e9 par :<br><strong>Hostinger International Ltd.<\/strong><br>61 Lordou Vironos Street, 6023 Larnaca, Chypre<br>Site web :&nbsp;<a href=\"https:\/\/www.hostinger.fr\/\">https:\/\/www.hostinger.fr<\/a><\/p>\n\n\n\n<p class=\"has-text-color has-link-color wp-elements-ba8f1a954ba0bdee5dacbb6cc93a1a7f\" style=\"color:#ffffff\"><strong>Propri\u00e9t\u00e9 intellectuelle<\/strong><br>L\u2019ensemble des \u00e9l\u00e9ments pr\u00e9sents sur le site (textes, sons, images, \u0153uvres visuelles, vid\u00e9os, cr\u00e9ations graphiques, etc.) est la propri\u00e9t\u00e9 exclusive de Studio LrtH, sauf mention contraire.<br>Toute reproduction, diffusion ou utilisation sans autorisation \u00e9crite est interdite.<\/p>\n\n\n\n<p class=\"has-text-color has-link-color wp-elements-e28dddeed5fa8f8935bbc36c88ca2f87\" style=\"color:#ffffff\"><strong>Responsabilit\u00e9<\/strong><br>Le site Studio LrtH a pour objet la pr\u00e9sentation de cr\u00e9ations artistiques et exp\u00e9rimentales.<br>L\u2019\u00e9diteur ne saurait \u00eatre tenu responsable des erreurs ou omissions dans le contenu, ni de l\u2019utilisation faite des informations disponibles.<\/p>","protected":false},"excerpt":{"rendered":"<p>Mentions l\u00e9gales \u2013 Studio LrtH \u00c9diteur du siteLe pr\u00e9sent site est \u00e9dit\u00e9 \u00e0 titre personnel dans le cadre d\u2019un projet artistique sous le nom\u00a0Studio LRth.Contact : info@studiolrth.comLe responsable de publication et de cr\u00e9ation des contenus est\u00a0Laurent Germonpr\u00e9. H\u00e9bergementCe site est h\u00e9berg\u00e9 par :Hostinger International Ltd.61 Lordou Vironos Street, 6023 Larnaca, ChypreSite web :&nbsp;https:\/\/www.hostinger.fr Propri\u00e9t\u00e9 intellectuelleL\u2019ensemble [&hellip;]<\/p>","protected":false},"author":1,"featured_media":0,"parent":0,"menu_order":0,"comment_status":"closed","ping_status":"closed","template":"","meta":{"om_disable_all_campaigns":false,"footnotes":""},"class_list":["post-1839","page","type-page","status-publish","hentry"],"aioseo_notices":[],"_links":{"self":[{"href":"https:\/\/studiolrth.com\/en\/wp-json\/wp\/v2\/pages\/1839","targetHints":{"allow":["GET"]}}],"collection":[{"href":"https:\/\/studiolrth.com\/en\/wp-json\/wp\/v2\/pages"}],"about":[{"href":"https:\/\/studiolrth.com\/en\/wp-json\/wp\/v2\/types\/page"}],"author":[{"embeddable":true,"href":"https:\/\/studiolrth.com\/en\/wp-json\/wp\/v2\/users\/1"}],"replies":[{"embeddable":true,"href":"https:\/\/studiolrth.com\/en\/wp-json\/wp\/v2\/comments?post=1839"}],"version-history":[{"count":2,"href":"https:\/\/studiolrth.com\/en\/wp-json\/wp\/v2\/pages\/1839\/revisions"}],"predecessor-version":[{"id":1844,"href":"https:\/\/studiolrth.com\/en\/wp-json\/wp\/v2\/pages\/1839\/revisions\/1844"}],"wp:attachment":[{"href":"https:\/\/studiolrth.com\/en\/wp-json\/wp\/v2\/media?parent=1839"}],"curies":[{"name":"wp","href":"https:\/\/api.w.org\/{rel}","templated":true}]}}