{"id":1841,"date":"2025-11-03T14:37:13","date_gmt":"2025-11-03T14:37:13","guid":{"rendered":"https:\/\/studiolrth.com\/?page_id=1841"},"modified":"2025-11-03T15:06:45","modified_gmt":"2025-11-03T15:06:45","slug":"politique-de-confidentialite","status":"publish","type":"page","link":"https:\/\/studiolrth.com\/en\/politique-de-confidentialite\/","title":{"rendered":"Politique de confidentialit\u00e9"},"content":{"rendered":"<h2 class=\"wp-block-heading has-text-align-center has-text-color has-link-color wp-elements-a8f24c85761dec1e88db69253cf2ab2e\" style=\"color:#ffffff\"><strong>Politique de confidentialit\u00e9                   \u2013 Studio LRth<\/strong> <strong>\u2013<\/strong> <\/h2>\n\n\n\n<h3 class=\"wp-block-heading has-text-color has-link-color wp-elements-7b7ce480d0cbf544fa2c1fa78d5f0fd0\" style=\"color:#ffffff\">Donn\u00e9es collect\u00e9es<\/h3>\n\n\n\n<p class=\"has-text-color has-link-color wp-elements-2f16db36b26bdb907cc35f544a13b2a5\" style=\"color:#ffffff\">Le site&nbsp;<strong>studiolrth.com<\/strong>&nbsp;peut collecter certaines donn\u00e9es uniquement dans les cas suivants :<\/p>\n\n\n\n<ul class=\"wp-block-list\">\n<li class=\"has-text-color has-link-color wp-elements-1128a9be243b2fb3920757388bab5d88\" style=\"color:#ffffff\">Lorsque l\u2019utilisateur envoie un message via un formulaire de contact (adresse e-mail, nom, contenu du message).<\/li>\n\n\n\n<li class=\"has-text-color has-link-color wp-elements-a0986eb369e1f84ff7d2a0645fe350a4\" style=\"color:#ffffff\">Lorsque l\u2019utilisateur consent \u00e0 l\u2019usage de cookies pour des statistiques anonymes ou la lecture de contenus int\u00e9gr\u00e9s (ex. : lecteur audio, vid\u00e9o, etc.).<\/li>\n<\/ul>\n\n\n\n<h3 class=\"wp-block-heading has-text-color has-link-color wp-elements-1e9af4fd491a2fc556ed36095762c304\" style=\"color:#ffffff\">Finalit\u00e9<\/h3>\n\n\n\n<p class=\"has-text-color has-link-color wp-elements-ef9c9e6b3c5ee90ffbd2167c80b11222\" style=\"color:#ffffff\">Ces donn\u00e9es servent uniquement \u00e0 r\u00e9pondre aux demandes des visiteurs ou \u00e0 am\u00e9liorer l\u2019exp\u00e9rience de navigation.<br>Aucune donn\u00e9e n\u2019est utilis\u00e9e \u00e0 des fins commerciales ni transmise \u00e0 des tiers.<\/p>\n\n\n\n<h3 class=\"wp-block-heading has-text-color has-link-color wp-elements-5117c18868e9af98800e3f096fd9c488\" style=\"color:#ffffff\">Cookies<\/h3>\n\n\n\n<p>Le site studiolrth.com n\u2019utilise pas de cookies \u00e0 des fins publicitaires ni de suivi.<br>Seuls des cookies techniques temporaires, n\u00e9cessaires au bon fonctionnement du site, peuvent \u00eatre utilis\u00e9s.<br>Aucune donn\u00e9e personnelle n\u2019est collect\u00e9e \u00e0 des fins d\u2019analyse ou de profilage.<\/p>\n\n\n\n<p class=\"has-text-color has-link-color wp-elements-e33c348500c2dfaf8a34df4a4ed22351\" style=\"color:#ffffff\">Le site peut utiliser des cookies techniques essentiels au bon fonctionnement du site, ainsi que, le cas \u00e9ch\u00e9ant, des cookies de mesure d\u2019audience (Google Analytics) ou d\u2019int\u00e9gration multim\u00e9dia (Spotify, YouTube, etc.).<br>En cas d\u2019utilisation de tels services, un bandeau de consentement sera affich\u00e9 permettant d\u2019accepter ou refuser les cookies.<\/p>\n\n\n\n<h3 class=\"wp-block-heading has-text-color has-link-color wp-elements-a2fca58b3a659812bf4d4fa2f854d92c\" style=\"color:#ffffff\">Dur\u00e9e de conservation<\/h3>\n\n\n\n<p class=\"has-text-color has-link-color wp-elements-ce2f39f1d91e9210af423034c5fb8567\" style=\"color:#ffffff\">Les messages envoy\u00e9s via formulaire sont conserv\u00e9s uniquement le temps n\u00e9cessaire pour traiter la demande.<br>Aucune base de donn\u00e9es nominative n\u2019est conserv\u00e9e.<\/p>\n\n\n\n<h3 class=\"wp-block-heading has-text-color has-link-color wp-elements-b905d6dab8a5254e8e5fac804c4e52f6\" style=\"color:#ffffff\">Droits des visiteurs<\/h3>\n\n\n\n<p class=\"has-text-color has-link-color wp-elements-71982cbd20c61a9368ee88278ae5d270\" style=\"color:#ffffff\">Conform\u00e9ment au R\u00e8glement G\u00e9n\u00e9ral sur la Protection des Donn\u00e9es (RGPD), toute personne dispose d\u2019un droit d\u2019acc\u00e8s, de rectification et de suppression de ses donn\u00e9es.<br>Pour exercer ce droit, vous pouvez \u00e9crire \u00e0 :<br>info@studiolrth.com<\/p>\n\n\n\n<p class=\"has-text-color has-link-color wp-elements-c89aa9ae3a62fb441a0767e833b37620\" style=\"color:#ffffff\">Le site ne d\u00e9pose pas de cookies \u00e0 des fins publicitaires ni de suivi.<\/p>","protected":false},"excerpt":{"rendered":"<p>Politique de confidentialit\u00e9 \u2013 Studio LRth \u2013 Donn\u00e9es collect\u00e9es Le site&nbsp;studiolrth.com&nbsp;peut collecter certaines donn\u00e9es uniquement dans les cas suivants : Finalit\u00e9 Ces donn\u00e9es servent uniquement \u00e0 r\u00e9pondre aux demandes des visiteurs ou \u00e0 am\u00e9liorer l\u2019exp\u00e9rience de navigation.Aucune donn\u00e9e n\u2019est utilis\u00e9e \u00e0 des fins commerciales ni transmise \u00e0 des tiers. Cookies Le site studiolrth.com n\u2019utilise pas [&hellip;]<\/p>","protected":false},"author":1,"featured_media":0,"parent":0,"menu_order":0,"comment_status":"closed","ping_status":"closed","template":"","meta":{"om_disable_all_campaigns":false,"footnotes":""},"class_list":["post-1841","page","type-page","status-publish","hentry"],"aioseo_notices":[],"_links":{"self":[{"href":"https:\/\/studiolrth.com\/en\/wp-json\/wp\/v2\/pages\/1841","targetHints":{"allow":["GET"]}}],"collection":[{"href":"https:\/\/studiolrth.com\/en\/wp-json\/wp\/v2\/pages"}],"about":[{"href":"https:\/\/studiolrth.com\/en\/wp-json\/wp\/v2\/types\/page"}],"author":[{"embeddable":true,"href":"https:\/\/studiolrth.com\/en\/wp-json\/wp\/v2\/users\/1"}],"replies":[{"embeddable":true,"href":"https:\/\/studiolrth.com\/en\/wp-json\/wp\/v2\/comments?post=1841"}],"version-history":[{"count":3,"href":"https:\/\/studiolrth.com\/en\/wp-json\/wp\/v2\/pages\/1841\/revisions"}],"predecessor-version":[{"id":1848,"href":"https:\/\/studiolrth.com\/en\/wp-json\/wp\/v2\/pages\/1841\/revisions\/1848"}],"wp:attachment":[{"href":"https:\/\/studiolrth.com\/en\/wp-json\/wp\/v2\/media?parent=1841"}],"curies":[{"name":"wp","href":"https:\/\/api.w.org\/{rel}","templated":true}]}}