{"id":2070,"date":"2026-04-10T12:42:25","date_gmt":"2026-04-10T12:42:25","guid":{"rendered":"https:\/\/studiolrth.com\/?page_id=2070"},"modified":"2026-04-15T12:03:23","modified_gmt":"2026-04-15T12:03:23","slug":"bleu","status":"publish","type":"page","link":"https:\/\/studiolrth.com\/en\/bleu\/","title":{"rendered":"Blue"},"content":{"rendered":"<section class=\"wp-block-group has-global-padding is-content-justification-left is-layout-constrained wp-container-core-group-is-layout-fc05645d wp-block-group-is-layout-constrained\" style=\"margin-top:0px;padding-top:6rem;padding-right:1rem;padding-bottom:4.5rem;padding-left:1rem;font-size:clamp(0.875rem, 0.875rem + ((1vw - 0.2rem) * 0.464), 1.13rem);font-style:normal;font-weight:400;line-height:1.4\">\n<div class=\"wp-block-group has-global-padding is-layout-constrained wp-block-group-is-layout-constrained\">\n<div id=\"bleu-section\" class=\"reveal-section\">\n  <!-- TON CONTENU BLEU (images, colonnes, etc.) -->\n<\/div>\n\n\n\n<p class=\"has-text-align-center has-text-color has-link-color has-large-font-size wp-elements-3b58a09741569a613af6d79e4fc482ee\" style=\"color:#ffffff\">Blue<\/p>\n\n\n\n<div style=\"height:100px\" aria-hidden=\"true\" class=\"wp-block-spacer\"><\/div>\n\n\n\n<p class=\"has-text-align-center has-text-color has-link-color has-large-font-size wp-elements-b76fc5a7c8c292b8103dd3b9a6e9d4b9\" style=\"color:#ffffff\">Dense frequency,<\/p>\n\n\n\n<p class=\"has-text-align-center has-text-color has-link-color has-large-font-size wp-elements-3dcdca7e0648c445eaa70c130cff71d7\" style=\"color:#ffffff\">light that breathes.<\/p>\n\n\n\n<div style=\"height:100px\" aria-hidden=\"true\" class=\"wp-block-spacer\"><\/div>\n\n\n\n<p class=\"has-text-align-center has-text-color has-link-color has-large-font-size wp-elements-a54763080684f6bb6485143df059f274\" style=\"color:#ffffff\">That's not what you see.<\/p>\n\n\n\n<p class=\"has-text-align-center has-text-color has-link-color has-large-font-size wp-elements-e9aacfea9b2ffef8238f14e19881df44\" style=\"color:#ffffff\">but rather what the light reveals.<\/p>\n\n\n\n<div style=\"height:100px\" aria-hidden=\"true\" class=\"wp-block-spacer\"><\/div>\n\n\n\n<figure class=\"wp-block-image alignwide size-large\"><a href=\"https:\/\/studiolrth.com\/en\/o-212-15-bb-identity\/\"><img loading=\"lazy\" decoding=\"async\" width=\"1981\" height=\"1321\" src=\"https:\/\/studiolrth.com\/wp-content\/uploads\/2026\/04\/O-212-15-BB-edited-1.jpg\" alt=\"\" class=\"wp-image-2064\" srcset=\"https:\/\/studiolrth.com\/wp-content\/uploads\/2026\/04\/O-212-15-BB-edited-1.jpg 1981w, https:\/\/studiolrth.com\/wp-content\/uploads\/2026\/04\/O-212-15-BB-edited-1-300x200.jpg 300w, https:\/\/studiolrth.com\/wp-content\/uploads\/2026\/04\/O-212-15-BB-edited-1-1024x683.jpg 1024w, https:\/\/studiolrth.com\/wp-content\/uploads\/2026\/04\/O-212-15-BB-edited-1-768x512.jpg 768w, https:\/\/studiolrth.com\/wp-content\/uploads\/2026\/04\/O-212-15-BB-edited-1-1536x1024.jpg 1536w, https:\/\/studiolrth.com\/wp-content\/uploads\/2026\/04\/O-212-15-BB-edited-1-18x12.jpg 18w\" sizes=\"auto, (max-width: 1981px) 100vw, 1981px\" \/><\/a><\/figure>\n\n\n\n<p class=\"has-text-align-center has-text-color has-link-color wp-elements-26fbb668953559bff8ae80b0e8af6fbf\" style=\"color:#ffffff\">O-212-15-BB<\/p>\n\n\n\n<div style=\"height:100px\" aria-hidden=\"true\" class=\"wp-block-spacer\"><\/div>\n\n\n\n<figure class=\"wp-block-image alignwide size-large spectre-section auto-size Color-bleu intensit\u00e9-0_85\"><a href=\"https:\/\/studiolrth.com\/en\/o-212-01-bl-invert-identity\/\"><img loading=\"lazy\" decoding=\"async\" width=\"683\" height=\"1024\" src=\"https:\/\/studiolrth.com\/wp-content\/uploads\/2025\/11\/0-212-01-BL-INVERT-683x1024.jpg\" alt=\"\" class=\"wp-image-1989\" srcset=\"https:\/\/studiolrth.com\/wp-content\/uploads\/2025\/11\/0-212-01-BL-INVERT-683x1024.jpg 683w, https:\/\/studiolrth.com\/wp-content\/uploads\/2025\/11\/0-212-01-BL-INVERT-200x300.jpg 200w, https:\/\/studiolrth.com\/wp-content\/uploads\/2025\/11\/0-212-01-BL-INVERT-768x1152.jpg 768w, https:\/\/studiolrth.com\/wp-content\/uploads\/2025\/11\/0-212-01-BL-INVERT-1024x1536.jpg 1024w, https:\/\/studiolrth.com\/wp-content\/uploads\/2025\/11\/0-212-01-BL-INVERT-8x12.jpg 8w, https:\/\/studiolrth.com\/wp-content\/uploads\/2025\/11\/0-212-01-BL-INVERT.jpg 1321w\" sizes=\"auto, (max-width: 683px) 100vw, 683px\" \/><\/a><\/figure>\n\n\n\n<p class=\"has-text-align-center has-text-color has-link-color wp-elements-535d1fdc095d189dd56880961f20a31d\" style=\"color:#fefefe;line-height:0\">O-212-01-BL-INVERT  <\/p>\n\n\n\n<div style=\"height:100px\" aria-hidden=\"true\" class=\"wp-block-spacer\"><\/div>\n\n\n\n<figure class=\"wp-block-image alignwide size-large spectre-section auto-size Color-bleu intensit\u00e9-0_65\"><a href=\"https:\/\/studiolrth.com\/en\/o-212-02-bl-dense-3\/\"><img loading=\"lazy\" decoding=\"async\" width=\"683\" height=\"1024\" src=\"https:\/\/studiolrth.com\/wp-content\/uploads\/2025\/11\/O-212-02-BL-DENSE-683x1024.jpg\" alt=\"\" class=\"wp-image-1991\" srcset=\"https:\/\/studiolrth.com\/wp-content\/uploads\/2025\/11\/O-212-02-BL-DENSE-683x1024.jpg 683w, https:\/\/studiolrth.com\/wp-content\/uploads\/2025\/11\/O-212-02-BL-DENSE-200x300.jpg 200w, https:\/\/studiolrth.com\/wp-content\/uploads\/2025\/11\/O-212-02-BL-DENSE-768x1152.jpg 768w, https:\/\/studiolrth.com\/wp-content\/uploads\/2025\/11\/O-212-02-BL-DENSE-1024x1536.jpg 1024w, https:\/\/studiolrth.com\/wp-content\/uploads\/2025\/11\/O-212-02-BL-DENSE-8x12.jpg 8w, https:\/\/studiolrth.com\/wp-content\/uploads\/2025\/11\/O-212-02-BL-DENSE.jpg 1321w\" sizes=\"auto, (max-width: 683px) 100vw, 683px\" \/><\/a><\/figure>\n\n\n\n<p class=\"has-text-align-center has-text-color has-link-color wp-elements-56ee650fab3d06218e7e5d165c60edb4\" style=\"color:#ffffff;line-height:0\">O-212-02-BL-DENSE<\/p>\n\n\n\n<div style=\"height:100px\" aria-hidden=\"true\" class=\"wp-block-spacer\"><\/div>\n\n\n\n<figure class=\"wp-block-image alignwide size-large has-custom-border spectre-section auto-size Color-bleu intensit\u00e9-0_45\"><a href=\"https:\/\/studiolrth.com\/en\/o-212-03-bl-arche-identity\/\"><img loading=\"lazy\" decoding=\"async\" width=\"683\" height=\"1024\" src=\"https:\/\/studiolrth.com\/wp-content\/uploads\/2025\/11\/O-212-03-BL-ARCHE-683x1024.jpg\" alt=\"\" class=\"wp-image-1993\" style=\"border-style:none;border-width:0px\" srcset=\"https:\/\/studiolrth.com\/wp-content\/uploads\/2025\/11\/O-212-03-BL-ARCHE-683x1024.jpg 683w, https:\/\/studiolrth.com\/wp-content\/uploads\/2025\/11\/O-212-03-BL-ARCHE-200x300.jpg 200w, https:\/\/studiolrth.com\/wp-content\/uploads\/2025\/11\/O-212-03-BL-ARCHE-768x1152.jpg 768w, https:\/\/studiolrth.com\/wp-content\/uploads\/2025\/11\/O-212-03-BL-ARCHE-1024x1536.jpg 1024w, https:\/\/studiolrth.com\/wp-content\/uploads\/2025\/11\/O-212-03-BL-ARCHE-8x12.jpg 8w, https:\/\/studiolrth.com\/wp-content\/uploads\/2025\/11\/O-212-03-BL-ARCHE.jpg 1321w\" sizes=\"auto, (max-width: 683px) 100vw, 683px\" \/><\/a><\/figure>\n\n\n\n<p class=\"has-text-align-center has-text-color has-link-color wp-elements-7ffa31aabf85c38fe873ed3bfa912ff4\" style=\"color:#ffffff;line-height:0\">O-212-03-BL-ARCHE   <\/p>\n\n\n\n<div style=\"height:100px\" aria-hidden=\"true\" class=\"wp-block-spacer\"><\/div>\n\n\n\n<figure class=\"wp-block-image alignwide size-large spectre-section auto-size Color-bleu intensit\u00e9-0_25\"><img loading=\"lazy\" decoding=\"async\" width=\"683\" height=\"1024\" src=\"https:\/\/studiolrth.com\/wp-content\/uploads\/2025\/11\/O-212-04-BL-COMPRESS-683x1024.jpg\" alt=\"\" class=\"wp-image-1995\" srcset=\"https:\/\/studiolrth.com\/wp-content\/uploads\/2025\/11\/O-212-04-BL-COMPRESS-683x1024.jpg 683w, https:\/\/studiolrth.com\/wp-content\/uploads\/2025\/11\/O-212-04-BL-COMPRESS-200x300.jpg 200w, https:\/\/studiolrth.com\/wp-content\/uploads\/2025\/11\/O-212-04-BL-COMPRESS-768x1152.jpg 768w, https:\/\/studiolrth.com\/wp-content\/uploads\/2025\/11\/O-212-04-BL-COMPRESS-1024x1536.jpg 1024w, https:\/\/studiolrth.com\/wp-content\/uploads\/2025\/11\/O-212-04-BL-COMPRESS-8x12.jpg 8w, https:\/\/studiolrth.com\/wp-content\/uploads\/2025\/11\/O-212-04-BL-COMPRESS.jpg 1321w\" sizes=\"auto, (max-width: 683px) 100vw, 683px\" \/><\/figure>\n\n\n\n<p class=\"has-text-align-center has-text-color has-link-color wp-elements-f552f28471220ea1c3eeab68b173fc7a\" style=\"color:#ffffff;line-height:0\">O-212-04-BL-COMPRESS   <\/p>\n\n\n\n<div style=\"height:100px\" aria-hidden=\"true\" class=\"wp-block-spacer\"><\/div>\n\n\n\n<figure class=\"wp-block-image alignwide size-large spectre-section auto-size Color-bleu intensit\u00e9-0_10\"><a href=\"https:\/\/studiolrth.com\/en\/o-212-05-bl-interf-identity\/\"><img loading=\"lazy\" decoding=\"async\" width=\"683\" height=\"1024\" src=\"https:\/\/studiolrth.com\/wp-content\/uploads\/2025\/11\/O-212-05-BL-INTERF-683x1024.jpg\" alt=\"\" class=\"wp-image-1996\" srcset=\"https:\/\/studiolrth.com\/wp-content\/uploads\/2025\/11\/O-212-05-BL-INTERF-683x1024.jpg 683w, https:\/\/studiolrth.com\/wp-content\/uploads\/2025\/11\/O-212-05-BL-INTERF-200x300.jpg 200w, https:\/\/studiolrth.com\/wp-content\/uploads\/2025\/11\/O-212-05-BL-INTERF-768x1152.jpg 768w, https:\/\/studiolrth.com\/wp-content\/uploads\/2025\/11\/O-212-05-BL-INTERF-1024x1536.jpg 1024w, https:\/\/studiolrth.com\/wp-content\/uploads\/2025\/11\/O-212-05-BL-INTERF-8x12.jpg 8w, https:\/\/studiolrth.com\/wp-content\/uploads\/2025\/11\/O-212-05-BL-INTERF.jpg 1321w\" sizes=\"auto, (max-width: 683px) 100vw, 683px\" \/><\/a><\/figure>\n\n\n\n<p class=\"has-text-align-center has-text-color has-link-color wp-elements-aecbfc2b90ac18372072419e2bdce296\" style=\"color:#ffffff;line-height:0\">O-212-05-BL-INTERF<\/p>\n\n\n\n<div style=\"height:100px\" aria-hidden=\"true\" class=\"wp-block-spacer\"><\/div>\n\n\n\n<figure class=\"wp-block-image alignwide size-large spectre-section auto-size Color-bleu intensit\u00e9-0_75\"><a href=\"https:\/\/studiolrth.com\/en\/o-212-06-bl-ciel-identity\/\"><img loading=\"lazy\" decoding=\"async\" width=\"683\" height=\"1024\" src=\"https:\/\/studiolrth.com\/wp-content\/uploads\/2025\/10\/DSC02311-Avec-accentuation-NR-copie-1-e1760538339422-683x1024.jpg\" alt=\"\" class=\"wp-image-1529\" srcset=\"https:\/\/studiolrth.com\/wp-content\/uploads\/2025\/10\/DSC02311-Avec-accentuation-NR-copie-1-e1760538339422-683x1024.jpg 683w, https:\/\/studiolrth.com\/wp-content\/uploads\/2025\/10\/DSC02311-Avec-accentuation-NR-copie-1-e1760538339422-200x300.jpg 200w, https:\/\/studiolrth.com\/wp-content\/uploads\/2025\/10\/DSC02311-Avec-accentuation-NR-copie-1-e1760538339422-768x1152.jpg 768w, https:\/\/studiolrth.com\/wp-content\/uploads\/2025\/10\/DSC02311-Avec-accentuation-NR-copie-1-e1760538339422-1024x1536.jpg 1024w, https:\/\/studiolrth.com\/wp-content\/uploads\/2025\/10\/DSC02311-Avec-accentuation-NR-copie-1-e1760538339422.jpg 1321w\" sizes=\"auto, (max-width: 683px) 100vw, 683px\" \/><\/a><\/figure>\n\n\n\n<p class=\"has-text-align-center has-text-color has-link-color wp-elements-cfde245caa047c2652a5727ab2dce1a0\" style=\"color:#fffefe;line-height:0\">O-212-06-BL-CIEL   <\/p>\n\n\n\n<div style=\"height:100px\" aria-hidden=\"true\" class=\"wp-block-spacer\"><\/div>\n\n\n\n<figure class=\"wp-block-image alignwide size-large spectre-section auto-size Color-bleu intensit\u00e9-0_50\"><a href=\"https:\/\/studiolrth.com\/en\/o-212-07-bl-circ-identity\/\"><img loading=\"lazy\" decoding=\"async\" width=\"1024\" height=\"683\" src=\"https:\/\/studiolrth.com\/wp-content\/uploads\/2025\/10\/DSC02287-Avec-accentuation-NR-copie-1024x683.jpg\" alt=\"\" class=\"wp-image-1543\" srcset=\"https:\/\/studiolrth.com\/wp-content\/uploads\/2025\/10\/DSC02287-Avec-accentuation-NR-copie-1024x683.jpg 1024w, https:\/\/studiolrth.com\/wp-content\/uploads\/2025\/10\/DSC02287-Avec-accentuation-NR-copie-300x200.jpg 300w, https:\/\/studiolrth.com\/wp-content\/uploads\/2025\/10\/DSC02287-Avec-accentuation-NR-copie-768x512.jpg 768w, https:\/\/studiolrth.com\/wp-content\/uploads\/2025\/10\/DSC02287-Avec-accentuation-NR-copie-1536x1024.jpg 1536w, https:\/\/studiolrth.com\/wp-content\/uploads\/2025\/10\/DSC02287-Avec-accentuation-NR-copie.jpg 1981w\" sizes=\"auto, (max-width: 1024px) 100vw, 1024px\" \/><\/a><\/figure>\n\n\n\n<p class=\"has-text-align-center has-text-color has-link-color wp-elements-b733a5745ea76d88a118e0c90a9b06e8\" style=\"color:#ffffff;line-height:0\">O-212-07-BL-CIRC    <\/p>\n\n\n\n<div style=\"height:100px\" aria-hidden=\"true\" class=\"wp-block-spacer\"><\/div>\n<\/div>\n\n\n\n<div class=\"wp-block-group has-global-padding is-layout-constrained wp-block-group-is-layout-constrained\">\n<div class=\"wp-block-group has-global-padding is-layout-constrained wp-block-group-is-layout-constrained\">\n<p class=\"has-text-align-center has-text-color has-link-color has-large-font-size wp-elements-d35b52550bcce3ab93c7d031ac54a112\" style=\"color:#ffffff\">The\"\u00a0<strong>Kinetic photography<\/strong>\u00a0\" is born.<\/p>\n\n\n\n<div style=\"height:100px\" aria-hidden=\"true\" class=\"wp-block-spacer\"><\/div>\n\n\n\n<p class=\"has-text-align-center has-text-color has-link-color has-large-font-size wp-elements-5adb5b0eaaf2ca8c64dcdcff22084706\" style=\"color:#ffffff\">This appearance is not fixed.<\/p>\n\n\n\n<p class=\"has-text-align-center has-text-color has-link-color has-large-font-size wp-elements-b0502b25ed98b95f73dcfa8d59d4e8be\" style=\"color:#ffffff\">Elle d\u00e9pend du regard, <\/p>\n\n\n\n<p class=\"has-text-align-center has-text-color has-link-color has-large-font-size wp-elements-690fa48d117f49955c38562ff9c5e953\" style=\"color:#ffffff\">du moment, <\/p>\n\n\n\n<p class=\"has-text-align-center has-text-color has-link-color has-large-font-size wp-elements-90dffb65b12b3427ab14bd045370aa91\" style=\"color:#ffffff\">de la lumi\u00e8re.<\/p>\n\n\n\n<div style=\"height:100px\" aria-hidden=\"true\" class=\"wp-block-spacer\"><\/div>\n\n\n\n<p class=\"has-text-align-center has-text-color has-link-color has-large-font-size wp-elements-f6ee5460ce0e90fd52d9952736005d80\" style=\"color:#ffffff\">Chaque oeuvre se construit <\/p>\n\n\n\n<p class=\"has-text-align-center has-text-color has-link-color has-large-font-size wp-elements-e2a37c911038d7785c4b318b7a4f6e1b\" style=\"color:#ffffff\">dans cette relation.<\/p>\n\n\n\n<p class=\"has-text-align-center has-text-color has-link-color has-large-font-size wp-elements-cadcfcbbf0e8107839bb225576f1cefb\" style=\"color:#ffffff\">Entre ce qui est l\u00e0, <\/p>\n\n\n\n<p class=\"has-text-align-center has-text-color has-link-color has-large-font-size wp-elements-2600533f4ea4bdbe3af4f23884f19201\" style=\"color:#ffffff\">et celui qui la regarde.<\/p>\n\n\n\n<div style=\"height:100px\" aria-hidden=\"true\" class=\"wp-block-spacer\"><\/div>\n<\/div>\n<\/div>\n\n\n\n<div class=\"wp-block-group has-global-padding is-layout-constrained wp-block-group-is-layout-constrained\">\n<div class=\"wp-block-group has-global-padding is-layout-constrained wp-block-group-is-layout-constrained\">\n<figure class=\"wp-block-video\"><video height=\"1440\" style=\"aspect-ratio: 1080 \/ 1440;\" width=\"1080\" controls src=\"https:\/\/studiolrth.com\/wp-content\/uploads\/2025\/11\/212HrtZ_TmlpS_InstA.mp4\"><\/video><\/figure>\n\n\n\n<div style=\"height:100px\" aria-hidden=\"true\" class=\"wp-block-spacer\"><\/div>\n\n\n\n<p class=\"has-text-align-center has-text-color has-link-color has-medium-font-size wp-elements-07f5426737b7f6ff4735243b1736d490\" style=\"color:#ffffff\">Nothing appears all at once.<br>Everything reveals itself slowly, to those who take the time to look.<\/p>\n\n\n\n<p class=\"has-text-align-center has-text-color has-link-color has-medium-font-size wp-elements-adc6374b4f5cd1c736efee935fe79de8\" style=\"color:#ffffff\"><em>212 hertz<\/em>&nbsp;is a passage through the visible.<br>A frequency of light, a heartbeat of moments.<br>The image forms and dissolves, brightness shifts, the day breathes.<\/p>\n\n\n\n<p class=\"has-text-align-center has-text-color has-link-color has-medium-font-size wp-elements-7f1f7e7e59d2277fd9d1717ab993804d\" style=\"color:#ffffff\">Here, matter is light.<br>It oscillates between presence and absence, between appearance and disappearance.<br>What seems still is not: every vibration, every nuance, every breath of time transforms the surface.<\/p>\n\n\n\n<p class=\"has-text-align-center has-text-color has-link-color has-medium-font-size wp-elements-9b7fef2425734a8c143e984de0e9e5c5\" style=\"color:#ffffff\">To look becomes a gesture.<br>To come closer, to move away, to return: with each shift, another depth appears.<\/p>\n\n\n\n<p class=\"has-text-align-center has-text-color has-link-color has-medium-font-size wp-elements-4475533b43efca41307f07dc056f80d4\" style=\"color:#ffffff\"><br>Nothing is explained, everything is&nbsp;<strong>evoked<\/strong>&nbsp;\u2014 in the silence between two beats, in the transparency of sound and image.<\/p>\n\n\n\n<p class=\"has-text-align-center has-text-color has-link-color has-medium-font-size wp-elements-5b114132f2b6ceb3c496350dc60e170d\" style=\"color:#ffffff\"><em>The work<\/em>&nbsp;is not a projection of reality:<br>it is its resonance.<br>A space where light thinks, where time listens.<\/p>\n\n\n\n<p class=\"has-text-align-center has-text-color has-link-color has-medium-font-size wp-elements-1ab1c00cb6b0455374c0601952d71326\" style=\"color:#ffffff\">Light is not an image.<br>It is a wave. Energy that collides with matter.<br>Each surface responds according to its density, structure and frequency.<br>Red is slow, blue is fast.<br>Metal reflects, concrete absorbs, glass transmits<\/p>\n\n\n\n<p class=\"has-text-align-center has-text-color has-link-color has-medium-font-size wp-elements-fd84bc2e4af69d2947221144dcb71744\" style=\"color:#ffffff\">I work on these tensions.<br>The image is not created, it emerges \u2014 or not.<br>Depending on the time of day, the season, the latitude.<br>Depending on the harmony between light, sound and matter.<\/p>\n\n\n\n<p class=\"has-text-align-center has-text-color has-link-color has-medium-font-size wp-elements-a3ee2230ddca5da31c12d69afc014c02 translation-block\" style=\"color:#ffffff\">The work becomes an instrument, not a representation.\nA trace of resonance.\nA measure of reality.<\/p>\n\n\n\n<p class=\"has-text-align-center has-text-color has-link-color has-medium-font-size wp-elements-db8fc291d89986aab064c21c18a71157\" style=\"color:#ffffff;line-height:1.5\">It is no longer a simple recording.<br>It becomes a&nbsp;<strong>sensitive instrument,<\/strong>, a tuning fork between heaven and earth.<br>It captures light in its movement \u2014 an image that only reveals itself when all frequencies are in tune.<\/p>\n\n\n\n<p class=\"has-text-align-center has-text-color has-link-color has-medium-font-size wp-elements-5f3980e0de1684398d8ee5118eb320d2\" style=\"color:#ffffff\">The result is not fixed: it lives, it varies.<br>Sometimes invisible, sometimes dazzling.<br>Like a song of light born at the intersection of time and space.<br>Colour, sound, matter, and the exact moment.<\/p>\n\n\n\n<p class=\"has-text-align-center has-text-color has-link-color has-medium-font-size wp-elements-b3c9aa1aad5faba033e83244b8b56e86\" style=\"color:#ffffff\">We make a \u201csound analogy\u201d of colour: an acoustic interpretation of wavelength.<\/p>\n\n\n\n<p class=\"has-text-align-center has-text-color has-link-color has-medium-font-size wp-elements-1e5fda0c4b889ee842387fe09c701b52 translation-block\" style=\"color:#ffffff\">The work becomes an instrument, not a representation.\nA trace of resonance.\nA measure of reality.<\/p>\n\n\n\n<div style=\"height:100px\" aria-hidden=\"true\" class=\"wp-block-spacer\"><\/div>\n\n\n\n<p class=\"has-text-align-center has-text-color has-link-color wp-elements-16d56569696fc0a0c5bec2113229d866\" style=\"color:#ffffff\">The colors displayed on this website may slightly differ from the original artworks due to variations in screens, calibration, and viewing environments.<\/p>\n\n\n\n<div style=\"height:100px\" aria-hidden=\"true\" class=\"wp-block-spacer\"><\/div>\n\n\n\n<div class=\"wp-block-group has-global-padding is-layout-constrained wp-block-group-is-layout-constrained\">\n<p class=\"has-text-color has-link-color wp-elements-d5dfeff2e9c9cbc70985287bcb57b595\" style=\"color:#ffffff\">\/Collaboration with&nbsp;<strong><a href=\"https:\/\/bunker.gallery\">Bunker Gallery<\/a><\/strong>&nbsp;in&nbsp;<strong><a href=\"https:\/\/affordableartfair.com\/nl\/\">Affordable Art Fair<\/a><\/strong>&nbsp;Hamburg 25\u2032<\/p>\n\n\n\n<p class=\"has-text-color has-link-color wp-elements-001560bb1776c2cf18a89648ef66e46c\" style=\"color:#ffffff\">\/\u00a0\u00bbVitrines212&Prime; repr\u00e9sent\u00e9 \u00e0 Bruxelles \u00e0 la <a href=\"https:\/\/www.lapharmacieanglaise.com\" target=\"_blank\" rel=\"noopener\" title=\"Pharmacie Anglaise\">Pharmacie Anglaise<\/a> cocktail Bar 25&prime;<\/p>\n\n\n\n<p class=\"has-text-color has-link-color wp-elements-73d78ce6d6018316cc7e0037cc1e13e4\" style=\"color:#ffffff\">\/Expo @everybodyfitaalst \u00e0 Alost 25&prime;<\/p>\n\n\n\n<div style=\"height:100px\" aria-hidden=\"true\" class=\"wp-block-spacer\"><\/div>\n<\/div>\n<\/div>\n<\/div>\n<\/section>","protected":false},"excerpt":{"rendered":"<p>Bleu Fr\u00e9quence lente, lumi\u00e8re qui respire. Ce n\u2019est pas ce que tu vois, mais bien ce que la lumi\u00e8re laisse appara\u00eetre. O-212-15-BB O-212-01-BL-INVERT O-212-02-BL-DENSE O-212-03-BL-ARCHE O-212-04-BL-COMPRESS O-212-05-BL-INTERF O-212-06-BL-CIEL O-212-07-BL-CIRC La \u00ab\u00a0photographie cin\u00e9tique\u00a0\u00bb est n\u00e9e. Cette apparition n&rsquo;est pas fixe. Elle d\u00e9pend du regard, du moment, de la lumi\u00e8re. Chaque oeuvre se construit dans cette relation. [&hellip;]<\/p>","protected":false},"author":1,"featured_media":0,"parent":0,"menu_order":0,"comment_status":"closed","ping_status":"closed","template":"","meta":{"om_disable_all_campaigns":false,"footnotes":""},"class_list":["post-2070","page","type-page","status-publish","hentry"],"aioseo_notices":[],"_links":{"self":[{"href":"https:\/\/studiolrth.com\/en\/wp-json\/wp\/v2\/pages\/2070","targetHints":{"allow":["GET"]}}],"collection":[{"href":"https:\/\/studiolrth.com\/en\/wp-json\/wp\/v2\/pages"}],"about":[{"href":"https:\/\/studiolrth.com\/en\/wp-json\/wp\/v2\/types\/page"}],"author":[{"embeddable":true,"href":"https:\/\/studiolrth.com\/en\/wp-json\/wp\/v2\/users\/1"}],"replies":[{"embeddable":true,"href":"https:\/\/studiolrth.com\/en\/wp-json\/wp\/v2\/comments?post=2070"}],"version-history":[{"count":47,"href":"https:\/\/studiolrth.com\/en\/wp-json\/wp\/v2\/pages\/2070\/revisions"}],"predecessor-version":[{"id":2424,"href":"https:\/\/studiolrth.com\/en\/wp-json\/wp\/v2\/pages\/2070\/revisions\/2424"}],"wp:attachment":[{"href":"https:\/\/studiolrth.com\/en\/wp-json\/wp\/v2\/media?parent=2070"}],"curies":[{"name":"wp","href":"https:\/\/api.w.org\/{rel}","templated":true}]}}