{"id":2209,"date":"2026-04-11T13:29:39","date_gmt":"2026-04-11T13:29:39","guid":{"rendered":"https:\/\/studiolrth.com\/?page_id=2209"},"modified":"2026-04-13T11:38:02","modified_gmt":"2026-04-13T11:38:02","slug":"o-212-01-bl-invert-identity","status":"publish","type":"page","link":"https:\/\/studiolrth.com\/en\/o-212-01-bl-invert-identity\/","title":{"rendered":"O-212-01-BL-INVERT\u00a0-identity"},"content":{"rendered":"<div style=\"height:100px\" aria-hidden=\"true\" class=\"wp-block-spacer\"><\/div>\n\n\n\n<figure class=\"wp-block-image size-large\"><img loading=\"lazy\" decoding=\"async\" width=\"683\" height=\"1024\" src=\"https:\/\/studiolrth.com\/wp-content\/uploads\/2025\/11\/0-212-01-BL-INVERT-683x1024.jpg\" alt=\"\" class=\"wp-image-1989\" srcset=\"https:\/\/studiolrth.com\/wp-content\/uploads\/2025\/11\/0-212-01-BL-INVERT-683x1024.jpg 683w, https:\/\/studiolrth.com\/wp-content\/uploads\/2025\/11\/0-212-01-BL-INVERT-200x300.jpg 200w, https:\/\/studiolrth.com\/wp-content\/uploads\/2025\/11\/0-212-01-BL-INVERT-768x1152.jpg 768w, https:\/\/studiolrth.com\/wp-content\/uploads\/2025\/11\/0-212-01-BL-INVERT-1024x1536.jpg 1024w, https:\/\/studiolrth.com\/wp-content\/uploads\/2025\/11\/0-212-01-BL-INVERT-8x12.jpg 8w, https:\/\/studiolrth.com\/wp-content\/uploads\/2025\/11\/0-212-01-BL-INVERT.jpg 1321w\" sizes=\"auto, (max-width: 683px) 100vw, 683px\" \/><\/figure>\n\n\n\n<p class=\"has-text-align-center has-text-color has-link-color wp-elements-264ae908cb8ba51d1973b0e4bdf38bce\" style=\"color:#fefefe\">O-212-01-BL-INVERT&nbsp;<br><\/p>\n\n\n\n<div style=\"height:100px\" aria-hidden=\"true\" class=\"wp-block-spacer\"><\/div>\n\n\n\n<p class=\"has-text-align-center has-text-color has-link-color has-large-font-size wp-elements-4058e2cac195b64c3113fedd10f4b73e\" style=\"color:#ffffff\">Vibration lente, presque imperceptible.<\/p>\n\n\n\n<p class=\"has-text-align-center has-text-color has-link-color has-large-font-size wp-elements-8ec4eac8c40bb0ce57173d6e4bc41318\" style=\"color:#ffffff\">lumi\u00e9re apparait, puis dispara\u00eet.<\/p>\n\n\n\n<div style=\"height:100px\" aria-hidden=\"true\" class=\"wp-block-spacer\"><\/div>\n\n\n\n<p class=\"has-text-align-center has-text-color has-link-color has-large-font-size wp-elements-c7b21b42a04c62512406c8debc62dc08\" style=\"color:#ffffff\">Oeuvre<\/p>\n\n\n\n<p class=\"has-text-align-center has-text-color has-link-color has-medium-font-size wp-elements-cc9b3a4d0d4ce72e5d539ce483397418\" style=\"color:#ffffff\">Collection 212 HertZ<\/p>\n\n\n\n<p class=\"has-text-align-center has-text-color has-link-color has-medium-font-size wp-elements-5bb6a7a86e726447b60b5c55ed3d42ac\" style=\"color:#ffffff\">Tirage Fine Art<\/p>\n\n\n\n<p class=\"has-text-align-center has-text-color has-link-color has-medium-font-size wp-elements-ca8ec00a6e0c55b2fbf5b61bc65c1668\" style=\"color:#ffffff\">Oeuvres limit\u00e9es<\/p>\n\n\n\n<p class=\"has-text-align-center has-text-color has-link-color has-medium-font-size wp-elements-909a73ea4c30038cbe4eb2b32644a793\" style=\"color:#ffffff\">Cadre con\u00e7u et pens\u00e9 en fonction de l&rsquo;oeuvre.<\/p>\n\n\n\n<p class=\"has-text-align-center has-text-color has-link-color has-medium-font-size wp-elements-d14647076f7b059da316449c234d7c93\" style=\"color:#ffffff\">Sign\u00e9 et accompagn\u00e9 d&rsquo;un certificat de conformit\u00e9.<\/p>\n\n\n\n<div style=\"height:100px\" aria-hidden=\"true\" class=\"wp-block-spacer\"><\/div>\n\n\n\n<p class=\"has-text-align-center has-text-color has-link-color has-large-font-size wp-elements-7841e23ba8602fa78b6547535489f1e9\" style=\"color:#ffffff\">Ces oeuvres ne sont pas fixes&#8230;<\/p>\n\n\n\n<p class=\"has-text-align-center has-text-color has-link-color has-large-font-size wp-elements-edb617f7e6c73e66c028c37f720fcf91\" style=\"color:#ffffff\">&#8230;Certaines peuvent \u00eatre acquises.<\/p>\n\n\n\n<p class=\"has-text-align-center has-text-color has-link-color has-large-font-size wp-elements-f48eb7340af0ef3782151e13f8446452\" style=\"color:#ffffff\">Clic <a href=\"https:\/\/studiolrth.com\/en\/entrer-en-acquisition\/\" title=\"info@studiolrth.com\">ici<\/a><\/p>\n\n\n\n<div style=\"height:100px\" aria-hidden=\"true\" class=\"wp-block-spacer\"><\/div>\n\n\n\n<p class=\"has-text-align-center has-text-color has-link-color has-large-font-size wp-elements-2695ac9e87f8b4c2e57e53cc2804ab73\" style=\"color:#ffffff\">Chaque pi\u00e8ce est unique dans sa perception!<\/p>\n\n\n\n<div style=\"height:100px\" aria-hidden=\"true\" class=\"wp-block-spacer\"><\/div>","protected":false},"excerpt":{"rendered":"<p>O-212-01-BL-INVERT&nbsp; Vibration lente, presque imperceptible. lumi\u00e9re apparait, puis dispara\u00eet. Oeuvre Collection 212 HertZ Tirage Fine Art Oeuvres limit\u00e9es Cadre con\u00e7u et pens\u00e9 en fonction de l&rsquo;oeuvre. Sign\u00e9 et accompagn\u00e9 d&rsquo;un certificat de conformit\u00e9. Ces oeuvres ne sont pas fixes&#8230; &#8230;Certaines peuvent \u00eatre acquises. Clic ici Chaque pi\u00e8ce est unique dans sa perception!<\/p>","protected":false},"author":1,"featured_media":0,"parent":0,"menu_order":0,"comment_status":"closed","ping_status":"closed","template":"","meta":{"om_disable_all_campaigns":false,"footnotes":""},"class_list":["post-2209","page","type-page","status-publish","hentry"],"aioseo_notices":[],"_links":{"self":[{"href":"https:\/\/studiolrth.com\/en\/wp-json\/wp\/v2\/pages\/2209","targetHints":{"allow":["GET"]}}],"collection":[{"href":"https:\/\/studiolrth.com\/en\/wp-json\/wp\/v2\/pages"}],"about":[{"href":"https:\/\/studiolrth.com\/en\/wp-json\/wp\/v2\/types\/page"}],"author":[{"embeddable":true,"href":"https:\/\/studiolrth.com\/en\/wp-json\/wp\/v2\/users\/1"}],"replies":[{"embeddable":true,"href":"https:\/\/studiolrth.com\/en\/wp-json\/wp\/v2\/comments?post=2209"}],"version-history":[{"count":10,"href":"https:\/\/studiolrth.com\/en\/wp-json\/wp\/v2\/pages\/2209\/revisions"}],"predecessor-version":[{"id":2285,"href":"https:\/\/studiolrth.com\/en\/wp-json\/wp\/v2\/pages\/2209\/revisions\/2285"}],"wp:attachment":[{"href":"https:\/\/studiolrth.com\/en\/wp-json\/wp\/v2\/media?parent=2209"}],"curies":[{"name":"wp","href":"https:\/\/api.w.org\/{rel}","templated":true}]}}