{"id":221,"date":"2025-01-20T18:43:55","date_gmt":"2025-01-20T18:43:55","guid":{"rendered":"https:\/\/studiolrth.com\/?page_id=221"},"modified":"2026-04-16T08:48:05","modified_gmt":"2026-04-16T08:48:05","slug":"760113-2","status":"publish","type":"page","link":"https:\/\/studiolrth.com\/en\/760113-2\/","title":{"rendered":"760113"},"content":{"rendered":"<section class=\"wp-block-group alignfull has-global-padding is-content-justification-left is-layout-constrained wp-container-core-group-is-layout-fc05645d wp-block-group-is-layout-constrained\" style=\"margin-top:0px;padding-top:6rem;padding-right:1rem;padding-bottom:4.5rem;padding-left:1rem;font-size:clamp(0.875rem, 0.875rem + ((1vw - 0.2rem) * 0.464), 1.13rem);font-style:normal;font-weight:400;line-height:1.4\">\n<blockquote class=\"wp-block-quote alignfull has-text-color has-link-color wp-elements-c014f65be25dae969f1853ec6362a986 is-layout-flow wp-block-quote-is-layout-flow\" style=\"color:#ffffff\">\n<p><\/p>\n<\/blockquote>\n\n\n\n<div class=\"wp-block-group alignfull has-global-padding is-layout-constrained wp-block-group-is-layout-constrained\">\n<div style=\"height:40px\" aria-hidden=\"true\" class=\"wp-block-spacer\"><\/div>\n\n\n\n<figure class=\"wp-block-image aligncenter size-large\"><img loading=\"lazy\" decoding=\"async\" width=\"989\" height=\"1024\" src=\"https:\/\/studiolrth.com\/wp-content\/uploads\/2025\/05\/76111-1-989x1024.jpg\" alt=\"\" class=\"wp-image-1260\" srcset=\"https:\/\/studiolrth.com\/wp-content\/uploads\/2025\/05\/76111-1-989x1024.jpg 989w, https:\/\/studiolrth.com\/wp-content\/uploads\/2025\/05\/76111-1-290x300.jpg 290w, https:\/\/studiolrth.com\/wp-content\/uploads\/2025\/05\/76111-1-768x795.jpg 768w, https:\/\/studiolrth.com\/wp-content\/uploads\/2025\/05\/76111-1-1484x1536.jpg 1484w, https:\/\/studiolrth.com\/wp-content\/uploads\/2025\/05\/76111-1.jpg 1914w\" sizes=\"auto, (max-width: 989px) 100vw, 989px\" \/><\/figure>\n\n\n\n<p class=\"has-text-align-center has-text-color has-link-color has-small-font-size wp-elements-6472f814ead5f48f499e98f47414e746\" style=\"color:#ffffff\">760113-01<\/p>\n\n\n\n<figure class=\"wp-block-image aligncenter size-large has-custom-border\"><img loading=\"lazy\" decoding=\"async\" width=\"885\" height=\"1024\" src=\"https:\/\/studiolrth.com\/wp-content\/uploads\/2025\/01\/B0000327-2-885x1024.jpg\" alt=\"\" class=\"wp-image-634\" style=\"border-style:none;border-width:0px\" srcset=\"https:\/\/studiolrth.com\/wp-content\/uploads\/2025\/01\/B0000327-2-885x1024.jpg 885w, https:\/\/studiolrth.com\/wp-content\/uploads\/2025\/01\/B0000327-2-259x300.jpg 259w, https:\/\/studiolrth.com\/wp-content\/uploads\/2025\/01\/B0000327-2-768x889.jpg 768w, https:\/\/studiolrth.com\/wp-content\/uploads\/2025\/01\/B0000327-2-1327x1536.jpg 1327w, https:\/\/studiolrth.com\/wp-content\/uploads\/2025\/01\/B0000327-2.jpg 1712w\" sizes=\"auto, (max-width: 885px) 100vw, 885px\" \/><\/figure>\n\n\n\n<p class=\"has-text-align-center has-text-color has-link-color has-small-font-size wp-elements-55f3759c7e437b7d8fc364b315374930\" style=\"color:#ffffff\">760113-02<\/p>\n\n\n\n<figure class=\"wp-block-image aligncenter size-large\"><img loading=\"lazy\" decoding=\"async\" width=\"986\" height=\"1024\" src=\"https:\/\/studiolrth.com\/wp-content\/uploads\/2025\/05\/76114-986x1024.jpg\" alt=\"\" class=\"wp-image-1272\" srcset=\"https:\/\/studiolrth.com\/wp-content\/uploads\/2025\/05\/76114-986x1024.jpg 986w, https:\/\/studiolrth.com\/wp-content\/uploads\/2025\/05\/76114-289x300.jpg 289w, https:\/\/studiolrth.com\/wp-content\/uploads\/2025\/05\/76114-768x798.jpg 768w, https:\/\/studiolrth.com\/wp-content\/uploads\/2025\/05\/76114-1479x1536.jpg 1479w, https:\/\/studiolrth.com\/wp-content\/uploads\/2025\/05\/76114.jpg 1907w\" sizes=\"auto, (max-width: 986px) 100vw, 986px\" \/><\/figure>\n\n\n\n<p class=\"has-text-align-center has-text-color has-link-color has-small-font-size wp-elements-b15eaa2ad203ea978ae84044f732adac\" style=\"color:#ffffff\">760113-03<\/p>\n\n\n\n<figure class=\"wp-block-image aligncenter size-large\"><img loading=\"lazy\" decoding=\"async\" width=\"976\" height=\"1024\" src=\"https:\/\/studiolrth.com\/wp-content\/uploads\/2025\/06\/BordeaU-976x1024.jpg\" alt=\"\" class=\"wp-image-1289\" srcset=\"https:\/\/studiolrth.com\/wp-content\/uploads\/2025\/06\/BordeaU-976x1024.jpg 976w, https:\/\/studiolrth.com\/wp-content\/uploads\/2025\/06\/BordeaU-286x300.jpg 286w, https:\/\/studiolrth.com\/wp-content\/uploads\/2025\/06\/BordeaU-768x805.jpg 768w, https:\/\/studiolrth.com\/wp-content\/uploads\/2025\/06\/BordeaU-1465x1536.jpg 1465w, https:\/\/studiolrth.com\/wp-content\/uploads\/2025\/06\/BordeaU.jpg 1889w\" sizes=\"auto, (max-width: 976px) 100vw, 976px\" \/><\/figure>\n\n\n\n<p class=\"has-text-align-center has-text-color has-link-color has-small-font-size wp-elements-0729c4da21b10adcd097f1c7c770720f\" style=\"color:#ffffff\">760113-01-ReD<\/p>\n\n\n\n<div style=\"height:60px\" aria-hidden=\"true\" class=\"wp-block-spacer\"><\/div>\n<\/div>\n\n\n\n<div class=\"wp-block-group alignfull has-global-padding is-layout-constrained wp-block-group-is-layout-constrained\">\n<div class=\"wp-block-media-text is-stacked-on-mobile\"><figure class=\"wp-block-media-text__media\"><video controls src=\"https:\/\/studiolrth.com\/wp-content\/uploads\/2025\/05\/IMG_3015.mov\"><\/video><\/figure><div class=\"wp-block-media-text__content\">\n<p class=\"has-text-color has-link-color wp-elements-2da4a78e9b46d2eef0cb10db5c2f9f3f\" style=\"color:#ffffff\">En collaboration avec <a href=\"https:\/\/diamantinolabophoto.com\" title=\"Diamantino labo photo\"><strong>Diamantino labo photo<\/strong><\/a>           \u00e0 Paris.<\/p>\n<\/div><\/div>\n\n\n\n<blockquote class=\"wp-block-quote alignfull is-layout-flow wp-block-quote-is-layout-flow\">\n<blockquote class=\"wp-block-quote is-layout-flow wp-block-quote-is-layout-flow\">\n<div style=\"height:60px\" aria-hidden=\"true\" class=\"wp-block-spacer\"><\/div>\n\n\n\n<p class=\"has-text-align-center has-text-color has-link-color wp-elements-ea658b971a8bfb01013d34e14094585f\" style=\"color:#ffffff\">Argentique, d\u00e9velopp\u00e9 main avec une fiert\u00e9 immense et une profonde gratitude <\/p>\n\n\n\n<p class=\"has-text-align-center has-text-color has-link-color wp-elements-5de23a39c9d95b88a4889e9a56c99c92\" style=\"color:#ffffff\">\u00e0 Mr Diamantino et \u00ab\u00a0Princesse Ruth\u00a0\u00bb.<\/p>\n\n\n\n<div style=\"height:60px\" aria-hidden=\"true\" class=\"wp-block-spacer\"><\/div>\n<\/blockquote>\n\n\n\n<blockquote class=\"wp-block-quote is-layout-flow wp-block-quote-is-layout-flow\">\n<p><\/p>\n<\/blockquote>\n<\/blockquote>\n\n\n\n<p class=\"has-text-align-center has-text-color has-link-color wp-elements-7127aab02b6fb8d964ffa04410bc801c\" style=\"color:#ffffff\">Travail \u00e0 <a href=\"https:\/\/www.hasselblad.com\" title=\"l'Hasselblad\">l&rsquo;<strong>Hasselblad<\/strong><\/a> 503cw, 80mm,  <strong><a href=\"https:\/\/www.fujifilm.com\/nl\/en\/consumer\/films\/negative-and-reversal\" title=\"Fujifilm\">Fujifilm<\/a><\/strong> Acros 100<\/p>\n<\/div>\n\n\n\n<div class=\"wp-block-group alignfull has-global-padding is-layout-constrained wp-container-core-group-is-layout-dca71664 wp-block-group-is-layout-constrained\" style=\"min-height:100%\">\n<div style=\"height:60px\" aria-hidden=\"true\" class=\"wp-block-spacer\"><\/div>\n\n\n\n<p class=\"has-text-align-center has-text-color has-link-color wp-elements-524b6a53c50ffa2e6781def49729404a\" style=\"color:#fefefe\">This collection touches me deeply. <br>Elle est l\u2019aboutissement d\u2019une longue qu\u00eate technique, <\/p>\n\n\n\n<p class=\"has-text-align-center has-text-color has-link-color wp-elements-a0d36e85df67db38ee14a7c32e2e4e63\" style=\"color:#fefefe\">patiente, <\/p>\n\n\n\n<p class=\"has-text-align-center has-text-color has-link-color wp-elements-731f08b47a23de25a6c002d4ca7772ed\" style=\"color:#fefefe\">sinc\u00e8re.<\/p>\n\n\n\n<p class=\"has-text-align-center has-text-color has-link-color wp-elements-4f2cb7e467bfb2f8374a4eddab3b0a75\" style=\"color:#fefefe\">Une tentative de traduire en images: <\/p>\n\n\n\n<p class=\"has-text-align-center has-text-color has-link-color wp-elements-8e6e1ea6d337c68ff9271f69e4da8bb5\" style=\"color:#fefefe\">\u00e9motions, sensations, habitudes\u2026 <\/p>\n\n\n\n<p class=\"has-text-align-center has-text-color has-link-color wp-elements-1ed7d8e11dd1589346187cbf6f33dbf3\" style=\"color:#fefefe\">une \u00e9poque de vie.<\/p>\n\n\n\n<p class=\"has-text-align-center has-text-color has-link-color wp-elements-e632219b60d9d81ea1dbfc676ff2d37e\" style=\"color:#ffffff\">Essais apr\u00e8s essais,<\/p>\n\n\n\n<p class=\"has-text-align-center has-text-color has-link-color wp-elements-88cdd44bc680130e9891213f50900aba\" style=\"color:#ffffff\"> \u00e0 l\u2019aide de \u00ab\u00a0Patterson\u00a0\u00bb, <\/p>\n\n\n\n<p class=\"has-text-align-center has-text-color has-link-color wp-elements-e7de6f71e2ecc8ca34c309c29e2fb637\" style=\"color:#ffffff\">r\u00e9v\u00e9lant les n\u00e9gatifs,<\/p>\n\n\n\n<p class=\"has-text-align-center has-text-color has-link-color wp-elements-47cf8a40724649c846f9385f01e99164\" style=\"color:#ffffff\">autoportrait brut au travers d&rsquo;un buste.<\/p>\n\n\n\n<p class=\"has-text-align-center has-text-color has-link-color wp-elements-9ef83861123ff58e5983363540e5462b\" style=\"color:#ffffff\">Gr\u00e2ce \u00e0 la photographie argentique, <\/p>\n\n\n\n<p class=\"has-text-align-center has-text-color has-link-color wp-elements-e6bb9568b121a7e59fca0d2b69580911\" style=\"color:#ffffff\">dans sa forme la plus authentique,<\/p>\n\n\n\n<p class=\"has-text-align-center has-text-color has-link-color wp-elements-740a89ef75868aca235f800a76aa93b9\" style=\"color:#ffffff\">j\u2019ai trouv\u00e9 le langage. <\/p>\n\n\n\n<p class=\"has-text-align-center has-text-color has-link-color wp-elements-b6de3ecbad22aae08f7780ac053e1e99\" style=\"color:#ffffff\">Un langage qui puise les sciences<\/p>\n\n\n\n<p class=\"has-text-align-center has-text-color has-link-color wp-elements-a09cf8bc34b6cbf257fda838f3d373e8\" style=\"color:#ffffff\">\u2014 physique, chimie, bio \u2014<\/p>\n\n\n\n<p class=\"has-text-align-center has-text-color has-link-color wp-elements-b343c558dcf705d3095a393581cf815c\" style=\"color:#ffffff\">pour mieux r\u00e9v\u00e9ler, compris, partag\u00e9&#8230;<\/p>\n\n\n\n<p class=\"has-text-align-center has-text-color has-link-color wp-elements-27d9072de1506fbed7643e2730d2ccf1\" style=\"color:#ffffff\">This work allowed me to understand, to read,<\/p>\n\n\n\n<p class=\"has-text-align-center has-text-color has-link-color wp-elements-6c91ab3e22fd3303c51eb19416178cb7\" style=\"color:#ffffff\">as if through a silent mirror.<\/p>\n\n\n\n<p class=\"has-text-align-center has-text-color has-link-color wp-elements-4873fb4c0d8541d99322da6515e456bc\" style=\"color:#ffffff\">La suite fut plus intime encore : <\/p>\n\n\n\n<p class=\"has-text-align-center has-text-color has-link-color wp-elements-1c8e06f22a8d0efbaf2f91810faea0bd\" style=\"color:#ffffff\">un traitement direct appliqu\u00e9 sur n\u00e9gatifs,<\/p>\n\n\n\n<p class=\"has-text-align-center has-text-color has-link-color wp-elements-65cf8143d8ce268b26db289ec01841cf\" style=\"color:#ffffff\">mati\u00e8re vivante, vibrante, t\u00e9moin d&rsquo;un monde int\u00e9rieur.<\/p>\n\n\n\n<p class=\"has-text-align-center has-text-color has-link-color wp-elements-27f395317b897c3a00c9be2b5261af15\" style=\"color:#ffffff\">Ce travail aborde la vie.<\/p>\n\n\n\n<p class=\"has-text-align-center has-text-color has-link-color wp-elements-2e7813fcca66b8f1350f617ccdb26441\" style=\"color:#ffffff\">Une \u00e9poque fa\u00e7onn\u00e9e par l\u2019\u00e9ducation, l\u2019enseignement, <\/p>\n\n\n\n<p class=\"has-text-align-center has-text-color has-link-color wp-elements-9c725eb6d81ae5a805b0322c6e58c575\" style=\"color:#ffffff\">les codes de soci\u00e9t\u00e9, l\u2019environnement.<\/p>\n\n\n\n<blockquote class=\"wp-block-quote alignfull is-layout-flow wp-block-quote-is-layout-flow\">\n<p class=\"has-text-align-center has-text-color has-link-color wp-elements-0e940a5f912e8453c1ed65c1dc6aa8e1\" style=\"color:#ffffff\">Sans vouloir tout accuser, je ressens que l\u2019on vit, ou que l\u2019on essaie de vivre, <\/p>\n\n\n\n<p class=\"has-text-align-center has-text-color has-link-color wp-elements-9ccc3ea84b704fb34bc8e87eb4437b39\" style=\"color:#ffffff\">selon une volont\u00e9 qui n\u2019est pas toujours la n\u00f4tre. <\/p>\n\n\n\n<p class=\"has-text-align-center has-text-color has-link-color wp-elements-320337b4738954d1ea33aa579eb7a1e8\" style=\"color:#ffffff\">Comme si l\u2019on poursuivait un couloir, un construit, un appris\u2026 <\/p>\n\n\n\n<p class=\"has-text-align-center has-text-color has-link-color wp-elements-91ab4b5cc00e36a5b6a8535bfc486758\" style=\"color:#ffffff\">Et pourtant, lorsque l\u2019on ouvre enfin l\u2019esprit, que l\u2019on s\u2019\u00e9coute, <\/p>\n\n\n\n<p class=\"has-text-align-center has-text-color has-link-color wp-elements-7f4e6fa241be64de6376f8f2c2082eeb\" style=\"color:#ffffff\">on comprend que ce chemin n\u2019est pas le n\u00f4tre.<\/p>\n\n\n\n<blockquote class=\"wp-block-quote is-layout-flow wp-block-quote-is-layout-flow\">\n<p class=\"has-text-align-center has-text-color has-link-color wp-elements-fd358cb80aa3dae927087b0f20febf48\" style=\"color:#ffffff\">What I have found here is a return.<\/p>\n\n\n\n<p class=\"has-text-align-center has-text-color has-link-color wp-elements-4e5f061b2373416ed29ad09805e02075\" style=\"color:#ffffff\">Respect. <\/p>\n\n\n\n<p class=\"has-text-align-center has-text-color has-link-color wp-elements-3b6cef6825a6c5d397905ffb2e60ebed\" style=\"color:#ffffff\">Celui que l\u2019on oublie parfois, <\/p>\n\n\n\n<p class=\"has-text-align-center has-text-color has-link-color wp-elements-546c4490485a06f0e183bfb9cb7fba64\" style=\"color:#ffffff\">celui qu\u2019on red\u00e9couvre avec une intensit\u00e9 presque douloureuse, <\/p>\n\n\n\n<p class=\"has-text-align-center has-text-color has-link-color wp-elements-631ba368265f0748721b4feaa543a1c4\" style=\"color:#ffffff\">mais lib\u00e9ratrice.<\/p>\n\n\n\n<p class=\"has-text-align-center has-text-color has-link-color wp-elements-ffb3091f98b9841388137990fb0d6611\" style=\"color:#fefefe\">Il m\u2019a fallu ce travail pour m\u2019en approcher. <\/p>\n\n\n\n<p class=\"has-text-align-center has-text-color has-link-color wp-elements-c1c7cb798bdaccc7fe1264b022e592d5\" style=\"color:#fefefe\">Pour m\u2019all\u00e9ger. <\/p>\n\n\n\n<p class=\"has-text-align-center has-text-color has-link-color wp-elements-3538bfd53ce8151a8bc4c76514326abc\" style=\"color:#fefefe\">Pour me lib\u00e9rer.<\/p>\n<\/blockquote>\n<\/blockquote>\n\n\n\n<blockquote class=\"wp-block-quote alignfull is-layout-flow wp-block-quote-is-layout-flow\">\n<p class=\"has-text-align-center has-text-color has-link-color wp-elements-cf0988404ddb70863a10d14c6e71be11\" style=\"color:#ffffff\">Ce processus a raviv\u00e9 la foi. <\/p>\n\n\n\n<p class=\"has-text-align-center has-text-color has-link-color wp-elements-c802ea60ae4c11805a91ea1f28936714\" style=\"color:#ffffff\">Il m\u2019a reconnect\u00e9 \u00e0 la passion,<\/p>\n\n\n\n<p class=\"has-text-align-center has-text-color has-link-color wp-elements-1cf5d66756e2956129e3f1b5b871b168\" style=\"color:#ffffff\">\u00e0 cette ma\u00eetrise que j\u2019avais crue perdue <\/p>\n\n\n\n<p class=\"has-text-align-center has-text-color has-link-color wp-elements-435be58d35c45db4c18a0fda2c1f7a11\" style=\"color:#ffffff\">dans les d\u00e9combres d\u2019une jeunesse marqu\u00e9e.<\/p>\n\n\n\n<p class=\"has-text-align-center has-text-color has-link-color wp-elements-cdd1200c941124a66482723faf439cea\" style=\"color:#ffffff\">Partis pour d\u2019autres horizons.<\/p>\n\n\n\n<p class=\"has-text-align-center has-text-color has-link-color wp-elements-4c19c020271d285e21fd2e2461d5ffc6\" style=\"color:#ffffff\"> Mais sans jamais touch\u00e9 au vrai \u201cint\u00e9rieur\u201d.<\/p>\n\n\n\n<p class=\"has-text-align-center has-text-color has-link-color wp-elements-b4169a0069c9190e2ce4b773ba53884f\" style=\"color:#ffffff\">Et puis un jour, \u00e0 Paris, dans le labo, accompagn\u00e9 de Mr Diamantino, <\/p>\n\n\n\n<p class=\"has-text-align-center has-text-color has-link-color wp-elements-a3e905e3592a9eaa8e7dda4704926d01\" style=\"color:#ffffff\">mes larmes ont coul\u00e9.<\/p>\n\n\n\n<p class=\"has-text-align-center has-text-color has-link-color wp-elements-5a8496844afe710fa3b69fe3615240f1\" style=\"color:#ffffff\">Sur les joues,<\/p>\n\n\n\n<p class=\"has-text-align-center has-text-color has-link-color wp-elements-318595bfc27dbce1847abb83014abe48\" style=\"color:#ffffff\">Over the images.<\/p>\n\n\n\n<p class=\"has-text-align-center has-text-color has-link-color wp-elements-ad36686c1f1b52bd73f151a7859f3902\" style=\"color:#ffffff\">Ce travail, nous l\u2019avons d\u00e9velopp\u00e9 ensemble. <\/p>\n\n\n\n<p class=\"has-text-align-center has-text-color has-link-color wp-elements-eabb40c79fd9f6fd04ee046c6050313b\" style=\"color:#ffffff\">J\u2019ai senti quelque chose rena\u00eetre.<\/p>\n\n\n\n<p class=\"has-text-align-center has-text-color has-link-color wp-elements-811d762d1043e444f00768ba4719dc14\" style=\"color:#ffffff\">Ce fut une lib\u00e9ration.<\/p>\n\n\n\n<p class=\"has-text-align-center has-text-color has-link-color wp-elements-b1c4a15ff72111a163edca3bb39b1b97\" style=\"color:#ffffff\">But also a return...<\/p>\n<\/blockquote>\n\n\n\n<blockquote class=\"wp-block-quote alignfull is-layout-flow wp-block-quote-is-layout-flow\">\n<p><\/p>\n<\/blockquote>\n<\/div>\n\n\n\n<style>\n#backToTop {\n  position: fixed;\n  bottom: 30px;\n  right: 30px;\n  width: 44px;\n  height: 44px;\n  border: 1px solid rgba(255,255,255,0.35);\n  border-radius: 50%;\n  background: rgba(255,255,255,0.05);\n  color: white;\n  font-size: 18px;\n  cursor: pointer;\n  opacity: 0;\n  pointer-events: none;\n  transition: all 0.4s ease;\n  backdrop-filter: blur(6px);\n  z-index: 9999;\n}\n\n\/* visible apr\u00e8s scroll *\/\n#backToTop.visible {\n  opacity: 1;\n  pointer-events: auto;\n}\n\n\/* hover subtil *\/\n#backToTop:hover {\n  background: rgba(255,255,255,0.15);\n  transform: scale(1.05);\n}\n<\/style>\n\n<button id=\"backToTop\">\u2191<\/button>\n\n<script>\nconst btn = document.getElementById(\"backToTop\");\n\n\/\/ apparition apr\u00e8s scroll\nwindow.addEventListener(\"scroll\", () => {\n  if (window.scrollY > 300) {\n    btn.classList.add(\"visible\");\n  } else {\n    btn.classList.remove(\"visible\");\n  }\n});\n\n\/\/ retour en haut fluide\nbtn.addEventListener(\"click\", () => {\n  window.scrollTo({\n    top: 0,\n    behavior: \"smooth\"\n  });\n});\n<\/script>\n<\/section>","protected":false},"excerpt":{"rendered":"<p>760113-01 760113-02 760113-03 760113-01-ReD En collaboration avec Diamantino labo photo \u00e0 Paris. Argentique, d\u00e9velopp\u00e9 main avec une fiert\u00e9 immense et une profonde gratitude \u00e0 Mr Diamantino et \u00ab\u00a0Princesse Ruth\u00a0\u00bb. Travail \u00e0 l&rsquo;Hasselblad 503cw, 80mm, Fujifilm Acros 100 Cette collection me touche au plus profond. Elle est l\u2019aboutissement d\u2019une longue qu\u00eate technique, patiente, sinc\u00e8re. Une tentative [&hellip;]<\/p>","protected":false},"author":1,"featured_media":0,"parent":0,"menu_order":0,"comment_status":"closed","ping_status":"closed","template":"","meta":{"om_disable_all_campaigns":false,"footnotes":""},"class_list":["post-221","page","type-page","status-publish","hentry"],"aioseo_notices":[],"_links":{"self":[{"href":"https:\/\/studiolrth.com\/en\/wp-json\/wp\/v2\/pages\/221","targetHints":{"allow":["GET"]}}],"collection":[{"href":"https:\/\/studiolrth.com\/en\/wp-json\/wp\/v2\/pages"}],"about":[{"href":"https:\/\/studiolrth.com\/en\/wp-json\/wp\/v2\/types\/page"}],"author":[{"embeddable":true,"href":"https:\/\/studiolrth.com\/en\/wp-json\/wp\/v2\/users\/1"}],"replies":[{"embeddable":true,"href":"https:\/\/studiolrth.com\/en\/wp-json\/wp\/v2\/comments?post=221"}],"version-history":[{"count":146,"href":"https:\/\/studiolrth.com\/en\/wp-json\/wp\/v2\/pages\/221\/revisions"}],"predecessor-version":[{"id":2467,"href":"https:\/\/studiolrth.com\/en\/wp-json\/wp\/v2\/pages\/221\/revisions\/2467"}],"wp:attachment":[{"href":"https:\/\/studiolrth.com\/en\/wp-json\/wp\/v2\/media?parent=221"}],"curies":[{"name":"wp","href":"https:\/\/api.w.org\/{rel}","templated":true}]}}