{"id":2293,"date":"2026-04-13T14:28:27","date_gmt":"2026-04-13T14:28:27","guid":{"rendered":"https:\/\/studiolrth.com\/?page_id=2293"},"modified":"2026-04-13T14:38:31","modified_gmt":"2026-04-13T14:38:31","slug":"o-212-10-bm-rg-identiyty","status":"publish","type":"page","link":"https:\/\/studiolrth.com\/en\/o-212-10-bm-rg-identiyty\/","title":{"rendered":"O-212-10-BM-RG-identiyty"},"content":{"rendered":"<figure class=\"wp-block-image size-large\"><img loading=\"lazy\" decoding=\"async\" width=\"1024\" height=\"683\" src=\"https:\/\/studiolrth.com\/wp-content\/uploads\/2026\/04\/DSC02246-2-edited-1-1024x683.jpg\" alt=\"\" class=\"wp-image-2061\" srcset=\"https:\/\/studiolrth.com\/wp-content\/uploads\/2026\/04\/DSC02246-2-edited-1-1024x683.jpg 1024w, https:\/\/studiolrth.com\/wp-content\/uploads\/2026\/04\/DSC02246-2-edited-1-300x200.jpg 300w, https:\/\/studiolrth.com\/wp-content\/uploads\/2026\/04\/DSC02246-2-edited-1-768x512.jpg 768w, https:\/\/studiolrth.com\/wp-content\/uploads\/2026\/04\/DSC02246-2-edited-1-1536x1024.jpg 1536w, https:\/\/studiolrth.com\/wp-content\/uploads\/2026\/04\/DSC02246-2-edited-1-18x12.jpg 18w, https:\/\/studiolrth.com\/wp-content\/uploads\/2026\/04\/DSC02246-2-edited-1.jpg 1981w\" sizes=\"auto, (max-width: 1024px) 100vw, 1024px\" \/><\/figure>\n\n\n\n<p class=\"has-text-align-center has-text-color has-link-color wp-elements-c8e16a648c32f4d2448aef94decccf1b\" style=\"color:#ffffff\">O-212-10-BM-RG&nbsp;<br><\/p>\n\n\n\n<div style=\"height:100px\" aria-hidden=\"true\" class=\"wp-block-spacer\"><\/div>\n\n\n\n<p class=\"has-text-align-center has-text-color has-link-color has-large-font-size wp-elements-1beb46b95bf5a31abbfcacefaa374fa3\" style=\"color:#ffffff\">Dense frequency,<\/p>\n\n\n\n<p class=\"has-text-align-center has-text-color has-link-color has-large-font-size wp-elements-75d6e9f26a11bcf728ac617b39f4dcb3\" style=\"color:#ffffff\">light and voltage.<\/p>\n\n\n\n<div style=\"height:100px\" aria-hidden=\"true\" class=\"wp-block-spacer\"><\/div>\n\n\n\n<p class=\"has-text-align-center has-text-color has-link-color has-large-font-size wp-elements-c7b21b42a04c62512406c8debc62dc08\" style=\"color:#ffffff\">Oeuvre<\/p>\n\n\n\n<p class=\"has-text-align-center has-text-color has-link-color has-medium-font-size wp-elements-cc9b3a4d0d4ce72e5d539ce483397418\" style=\"color:#ffffff\">Collection 212 HertZ<\/p>\n\n\n\n<p class=\"has-text-align-center has-text-color has-link-color has-medium-font-size wp-elements-5bb6a7a86e726447b60b5c55ed3d42ac\" style=\"color:#ffffff\">Tirage Fine Art<\/p>\n\n\n\n<p class=\"has-text-align-center has-text-color has-link-color has-medium-font-size wp-elements-ca8ec00a6e0c55b2fbf5b61bc65c1668\" style=\"color:#ffffff\">Oeuvres limit\u00e9es<\/p>\n\n\n\n<p class=\"has-text-align-center has-text-color has-link-color has-medium-font-size wp-elements-909a73ea4c30038cbe4eb2b32644a793\" style=\"color:#ffffff\">Cadre con\u00e7u et pens\u00e9 en fonction de l&rsquo;oeuvre.<\/p>\n\n\n\n<p class=\"has-text-align-center has-text-color has-link-color has-medium-font-size wp-elements-d14647076f7b059da316449c234d7c93\" style=\"color:#ffffff\">Sign\u00e9 et accompagn\u00e9 d&rsquo;un certificat de conformit\u00e9.<\/p>\n\n\n\n<div style=\"height:100px\" aria-hidden=\"true\" class=\"wp-block-spacer\"><\/div>\n\n\n\n<p class=\"has-text-align-center has-text-color has-link-color has-large-font-size wp-elements-7841e23ba8602fa78b6547535489f1e9\" style=\"color:#ffffff\">Ces oeuvres ne sont pas fixes&#8230;<\/p>\n\n\n\n<p class=\"has-text-align-center has-text-color has-link-color has-large-font-size wp-elements-edb617f7e6c73e66c028c37f720fcf91\" style=\"color:#ffffff\">&#8230;Certaines peuvent \u00eatre acquises.<\/p>\n\n\n\n<p class=\"has-text-align-center has-text-color has-link-color has-large-font-size wp-elements-f48eb7340af0ef3782151e13f8446452\" style=\"color:#ffffff\">Clic <a href=\"https:\/\/studiolrth.com\/en\/entrer-en-acquisition\/\" title=\"info@studiolrth.com\">ici<\/a><\/p>\n\n\n\n<div style=\"height:100px\" aria-hidden=\"true\" class=\"wp-block-spacer\"><\/div>\n\n\n\n<p class=\"has-text-align-center has-text-color has-link-color has-large-font-size wp-elements-2695ac9e87f8b4c2e57e53cc2804ab73\" style=\"color:#ffffff\">Chaque pi\u00e8ce est unique dans sa perception!<\/p>\n\n\n\n<div style=\"height:100px\" aria-hidden=\"true\" class=\"wp-block-spacer\"><\/div>","protected":false},"excerpt":{"rendered":"<p>O-212-10-BM-RG&nbsp; Fr\u00e9quence dense, lumi\u00e8re et tension. Oeuvre Collection 212 HertZ Tirage Fine Art Oeuvres limit\u00e9es Cadre con\u00e7u et pens\u00e9 en fonction de l&rsquo;oeuvre. Sign\u00e9 et accompagn\u00e9 d&rsquo;un certificat de conformit\u00e9. Ces oeuvres ne sont pas fixes&#8230; &#8230;Certaines peuvent \u00eatre acquises. Clic ici Chaque pi\u00e8ce est unique dans sa perception!<\/p>","protected":false},"author":1,"featured_media":0,"parent":0,"menu_order":0,"comment_status":"closed","ping_status":"closed","template":"","meta":{"om_disable_all_campaigns":false,"footnotes":""},"class_list":["post-2293","page","type-page","status-publish","hentry"],"aioseo_notices":[],"_links":{"self":[{"href":"https:\/\/studiolrth.com\/en\/wp-json\/wp\/v2\/pages\/2293","targetHints":{"allow":["GET"]}}],"collection":[{"href":"https:\/\/studiolrth.com\/en\/wp-json\/wp\/v2\/pages"}],"about":[{"href":"https:\/\/studiolrth.com\/en\/wp-json\/wp\/v2\/types\/page"}],"author":[{"embeddable":true,"href":"https:\/\/studiolrth.com\/en\/wp-json\/wp\/v2\/users\/1"}],"replies":[{"embeddable":true,"href":"https:\/\/studiolrth.com\/en\/wp-json\/wp\/v2\/comments?post=2293"}],"version-history":[{"count":3,"href":"https:\/\/studiolrth.com\/en\/wp-json\/wp\/v2\/pages\/2293\/revisions"}],"predecessor-version":[{"id":2303,"href":"https:\/\/studiolrth.com\/en\/wp-json\/wp\/v2\/pages\/2293\/revisions\/2303"}],"wp:attachment":[{"href":"https:\/\/studiolrth.com\/en\/wp-json\/wp\/v2\/media?parent=2293"}],"curies":[{"name":"wp","href":"https:\/\/api.w.org\/{rel}","templated":true}]}}